{"id":156,"date":"2024-07-04T22:40:45","date_gmt":"2024-07-04T22:40:45","guid":{"rendered":"https:\/\/cristinapg.es\/?page_id=156"},"modified":"2024-07-04T23:31:33","modified_gmt":"2024-07-04T23:31:33","slug":"presentacion","status":"publish","type":"page","link":"https:\/\/cristinapg.es\/index.php\/presentacion\/","title":{"rendered":"Presentaci\u00f3n"},"content":{"rendered":"\t\t<div data-elementor-type=\"wp-page\" data-elementor-id=\"156\" class=\"elementor elementor-156\" data-elementor-post-type=\"page\">\n\t\t\t\t<div class=\"elementor-element elementor-element-9a7e8d0 e-con-full e-flex e-con e-parent\" data-id=\"9a7e8d0\" data-element_type=\"container\">\n\t\t\t\t<\/div>\n\t\t\t\t<\/div>\n\t\t","protected":false},"excerpt":{"rendered":"","protected":false},"author":1,"featured_media":0,"parent":0,"menu_order":0,"comment_status":"closed","ping_status":"closed","template":"","meta":{"site-sidebar-layout":"no-sidebar","site-content-layout":"","ast-site-content-layout":"full-width-container","site-content-style":"default","site-sidebar-style":"default","ast-global-header-display":"","ast-banner-title-visibility":"","ast-main-header-display":"","ast-hfb-above-header-display":"","ast-hfb-below-header-display":"","ast-hfb-mobile-header-display":"","site-post-title":"disabled","ast-breadcrumbs-content":"","ast-featured-img":"disabled","footer-sml-layout":"","theme-transparent-header-meta":"","adv-header-id-meta":"","stick-header-meta":"","header-above-stick-meta":"","header-main-stick-meta":"","header-below-stick-meta":"","astra-migrate-meta-layouts":"default","ast-page-background-enabled":"default","ast-page-background-meta":{"desktop":{"background-color":"var(--ast-global-color-4)","background-image":"","background-repeat":"repeat","background-position":"center center","background-size":"auto","background-attachment":"scroll","background-type":"","background-media":"","overlay-type":"","overlay-color":"","overlay-opacity":"","overlay-gradient":""},"tablet":{"background-color":"","background-image":"","background-repeat":"repeat","background-position":"center center","background-size":"auto","background-attachment":"scroll","background-type":"","background-media":"","overlay-type":"","overlay-color":"","overlay-opacity":"","overlay-gradient":""},"mobile":{"background-color":"","background-image":"","background-repeat":"repeat","background-position":"center center","background-size":"auto","background-attachment":"scroll","background-type":"","background-media":"","overlay-type":"","overlay-color":"","overlay-opacity":"","overlay-gradient":""}},"ast-content-background-meta":{"desktop":{"background-color":"var(--ast-global-color-5)","background-image":"","background-repeat":"repeat","background-position":"center center","background-size":"auto","background-attachment":"scroll","background-type":"","background-media":"","overlay-type":"","overlay-color":"","overlay-opacity":"","overlay-gradient":""},"tablet":{"background-color":"var(--ast-global-color-5)","background-image":"","background-repeat":"repeat","background-position":"center center","background-size":"auto","background-attachment":"scroll","background-type":"","background-media":"","overlay-type":"","overlay-color":"","overlay-opacity":"","overlay-gradient":""},"mobile":{"background-color":"var(--ast-global-color-5)","background-image":"","background-repeat":"repeat","background-position":"center center","background-size":"auto","background-attachment":"scroll","background-type":"","background-media":"","overlay-type":"","overlay-color":"","overlay-opacity":"","overlay-gradient":""}},"footnotes":""},"class_list":["post-156","page","type-page","status-publish","hentry"],"yoast_head":"<!-- This site is optimized with the Yoast SEO plugin v23.6 - https:\/\/yoast.com\/wordpress\/plugins\/seo\/ -->\n<title>Presentaci\u00f3n - C\u00edrculos Jos\u00e9 Antonio, la falange disidente<\/title>\n<meta name=\"robots\" content=\"index, follow, max-snippet:-1, max-image-preview:large, max-video-preview:-1\" \/>\n<link rel=\"canonical\" href=\"https:\/\/cristinapg.es\/index.php\/presentacion\/\" \/>\n<meta property=\"og:locale\" content=\"es_ES\" \/>\n<meta property=\"og:type\" content=\"article\" \/>\n<meta property=\"og:title\" content=\"Presentaci\u00f3n - C\u00edrculos Jos\u00e9 Antonio, la falange disidente\" \/>\n<meta property=\"og:url\" content=\"https:\/\/cristinapg.es\/index.php\/presentacion\/\" \/>\n<meta property=\"og:site_name\" content=\"C\u00edrculos Jos\u00e9 Antonio, la falange disidente\" \/>\n<meta property=\"article:modified_time\" content=\"2024-07-04T23:31:33+00:00\" \/>\n<meta name=\"twitter:card\" content=\"summary_large_image\" \/>\n<script type=\"application\/ld+json\" class=\"yoast-schema-graph\">{\"@context\":\"https:\/\/schema.org\",\"@graph\":[{\"@type\":\"WebPage\",\"@id\":\"https:\/\/cristinapg.es\/index.php\/presentacion\/\",\"url\":\"https:\/\/cristinapg.es\/index.php\/presentacion\/\",\"name\":\"Presentaci\u00f3n - C\u00edrculos Jos\u00e9 Antonio, la falange disidente\",\"isPartOf\":{\"@id\":\"https:\/\/cristinapg.es\/#website\"},\"datePublished\":\"2024-07-04T22:40:45+00:00\",\"dateModified\":\"2024-07-04T23:31:33+00:00\",\"breadcrumb\":{\"@id\":\"https:\/\/cristinapg.es\/index.php\/presentacion\/#breadcrumb\"},\"inLanguage\":\"es\",\"potentialAction\":[{\"@type\":\"ReadAction\",\"target\":[\"https:\/\/cristinapg.es\/index.php\/presentacion\/\"]}]},{\"@type\":\"BreadcrumbList\",\"@id\":\"https:\/\/cristinapg.es\/index.php\/presentacion\/#breadcrumb\",\"itemListElement\":[{\"@type\":\"ListItem\",\"position\":1,\"name\":\"Portada\",\"item\":\"https:\/\/cristinapg.es\/\"},{\"@type\":\"ListItem\",\"position\":2,\"name\":\"Presentaci\u00f3n\"}]},{\"@type\":\"WebSite\",\"@id\":\"https:\/\/cristinapg.es\/#website\",\"url\":\"https:\/\/cristinapg.es\/\",\"name\":\"C\u00edrculos Jos\u00e9 Antonio, la falange disidente\",\"description\":\"C\u00edrculos Jos\u00e9 Antonio, la falange disidente\",\"publisher\":{\"@id\":\"https:\/\/cristinapg.es\/#organization\"},\"potentialAction\":[{\"@type\":\"SearchAction\",\"target\":{\"@type\":\"EntryPoint\",\"urlTemplate\":\"https:\/\/cristinapg.es\/?s={search_term_string}\"},\"query-input\":{\"@type\":\"PropertyValueSpecification\",\"valueRequired\":true,\"valueName\":\"search_term_string\"}}],\"inLanguage\":\"es\"},{\"@type\":\"Organization\",\"@id\":\"https:\/\/cristinapg.es\/#organization\",\"name\":\"C\u00edrculos Jos\u00e9 Antonio, la falange disidente\",\"url\":\"https:\/\/cristinapg.es\/\",\"logo\":{\"@type\":\"ImageObject\",\"inLanguage\":\"es\",\"@id\":\"https:\/\/cristinapg.es\/#\/schema\/logo\/image\/\",\"url\":\"https:\/\/cristinapg.es\/wp-content\/uploads\/2024\/07\/LOGO.webp\",\"contentUrl\":\"https:\/\/cristinapg.es\/wp-content\/uploads\/2024\/07\/LOGO.webp\",\"width\":180,\"height\":256,\"caption\":\"C\u00edrculos Jos\u00e9 Antonio, la falange disidente\"},\"image\":{\"@id\":\"https:\/\/cristinapg.es\/#\/schema\/logo\/image\/\"}}]}<\/script>\n<!-- \/ Yoast SEO plugin. -->","yoast_head_json":{"title":"Presentaci\u00f3n - C\u00edrculos Jos\u00e9 Antonio, la falange disidente","robots":{"index":"index","follow":"follow","max-snippet":"max-snippet:-1","max-image-preview":"max-image-preview:large","max-video-preview":"max-video-preview:-1"},"canonical":"https:\/\/cristinapg.es\/index.php\/presentacion\/","og_locale":"es_ES","og_type":"article","og_title":"Presentaci\u00f3n - C\u00edrculos Jos\u00e9 Antonio, la falange disidente","og_url":"https:\/\/cristinapg.es\/index.php\/presentacion\/","og_site_name":"C\u00edrculos Jos\u00e9 Antonio, la falange disidente","article_modified_time":"2024-07-04T23:31:33+00:00","twitter_card":"summary_large_image","schema":{"@context":"https:\/\/schema.org","@graph":[{"@type":"WebPage","@id":"https:\/\/cristinapg.es\/index.php\/presentacion\/","url":"https:\/\/cristinapg.es\/index.php\/presentacion\/","name":"Presentaci\u00f3n - C\u00edrculos Jos\u00e9 Antonio, la falange disidente","isPartOf":{"@id":"https:\/\/cristinapg.es\/#website"},"datePublished":"2024-07-04T22:40:45+00:00","dateModified":"2024-07-04T23:31:33+00:00","breadcrumb":{"@id":"https:\/\/cristinapg.es\/index.php\/presentacion\/#breadcrumb"},"inLanguage":"es","potentialAction":[{"@type":"ReadAction","target":["https:\/\/cristinapg.es\/index.php\/presentacion\/"]}]},{"@type":"BreadcrumbList","@id":"https:\/\/cristinapg.es\/index.php\/presentacion\/#breadcrumb","itemListElement":[{"@type":"ListItem","position":1,"name":"Portada","item":"https:\/\/cristinapg.es\/"},{"@type":"ListItem","position":2,"name":"Presentaci\u00f3n"}]},{"@type":"WebSite","@id":"https:\/\/cristinapg.es\/#website","url":"https:\/\/cristinapg.es\/","name":"C\u00edrculos Jos\u00e9 Antonio, la falange disidente","description":"C\u00edrculos Jos\u00e9 Antonio, la falange disidente","publisher":{"@id":"https:\/\/cristinapg.es\/#organization"},"potentialAction":[{"@type":"SearchAction","target":{"@type":"EntryPoint","urlTemplate":"https:\/\/cristinapg.es\/?s={search_term_string}"},"query-input":{"@type":"PropertyValueSpecification","valueRequired":true,"valueName":"search_term_string"}}],"inLanguage":"es"},{"@type":"Organization","@id":"https:\/\/cristinapg.es\/#organization","name":"C\u00edrculos Jos\u00e9 Antonio, la falange disidente","url":"https:\/\/cristinapg.es\/","logo":{"@type":"ImageObject","inLanguage":"es","@id":"https:\/\/cristinapg.es\/#\/schema\/logo\/image\/","url":"https:\/\/cristinapg.es\/wp-content\/uploads\/2024\/07\/LOGO.webp","contentUrl":"https:\/\/cristinapg.es\/wp-content\/uploads\/2024\/07\/LOGO.webp","width":180,"height":256,"caption":"C\u00edrculos Jos\u00e9 Antonio, la falange disidente"},"image":{"@id":"https:\/\/cristinapg.es\/#\/schema\/logo\/image\/"}}]}},"_links":{"self":[{"href":"https:\/\/cristinapg.es\/index.php\/wp-json\/wp\/v2\/pages\/156","targetHints":{"allow":["GET"]}}],"collection":[{"href":"https:\/\/cristinapg.es\/index.php\/wp-json\/wp\/v2\/pages"}],"about":[{"href":"https:\/\/cristinapg.es\/index.php\/wp-json\/wp\/v2\/types\/page"}],"author":[{"embeddable":true,"href":"https:\/\/cristinapg.es\/index.php\/wp-json\/wp\/v2\/users\/1"}],"replies":[{"embeddable":true,"href":"https:\/\/cristinapg.es\/index.php\/wp-json\/wp\/v2\/comments?post=156"}],"version-history":[{"count":4,"href":"https:\/\/cristinapg.es\/index.php\/wp-json\/wp\/v2\/pages\/156\/revisions"}],"predecessor-version":[{"id":205,"href":"https:\/\/cristinapg.es\/index.php\/wp-json\/wp\/v2\/pages\/156\/revisions\/205"}],"wp:attachment":[{"href":"https:\/\/cristinapg.es\/index.php\/wp-json\/wp\/v2\/media?parent=156"}],"curies":[{"name":"wp","href":"https:\/\/api.w.org\/{rel}","templated":true}]}}