{"id":158,"date":"2024-07-04T22:41:54","date_gmt":"2024-07-04T22:41:54","guid":{"rendered":"https:\/\/cristinapg.es\/?page_id=158"},"modified":"2024-07-07T21:52:36","modified_gmt":"2024-07-07T21:52:36","slug":"hemeroteca","status":"publish","type":"page","link":"https:\/\/cristinapg.es\/index.php\/presentacion\/hemeroteca\/","title":{"rendered":"Hemeroteca"},"content":{"rendered":"\t\t<div data-elementor-type=\"wp-page\" data-elementor-id=\"158\" class=\"elementor elementor-158\" data-elementor-post-type=\"page\">\n\t\t\t\t<div class=\"elementor-element elementor-element-5fbdf6c e-flex e-con-boxed e-con e-parent\" data-id=\"5fbdf6c\" data-element_type=\"container\">\n\t\t\t\t\t<div class=\"e-con-inner\">\n\t\t\t\t<div class=\"elementor-element elementor-element-d03d1e1 elementor-widget elementor-widget-heading\" data-id=\"d03d1e1\" data-element_type=\"widget\" data-widget_type=\"heading.default\">\n\t\t\t\t<div class=\"elementor-widget-container\">\n\t\t\t<h2 class=\"elementor-heading-title elementor-size-default\"><a href=\"https:\/\/www.larazondelaproa.es\/articulo\/agenda\/libro-circulos-jose-antonio-falange-disidente-cristina-perez\/20240610120000010717.html\" target=\"_blank\">La Raz\u00f3n de la Proa<\/a><\/h2>\t\t<\/div>\n\t\t\t\t<\/div>\n\t\t\t\t<div class=\"elementor-element elementor-element-e4e2a2a elementor-widget elementor-widget-image\" data-id=\"e4e2a2a\" data-element_type=\"widget\" data-widget_type=\"image.default\">\n\t\t\t\t<div class=\"elementor-widget-container\">\n\t\t\t\t\t\t\t\t\t\t\t\t\t\t<a href=\"https:\/\/www.larazondelaproa.es\/articulo\/agenda\/libro-circulos-jose-antonio-falange-disidente-cristina-perez\/20240610120000010717.html\" target=\"_blank\">\n\t\t\t\t\t\t\t<img fetchpriority=\"high\" decoding=\"async\" width=\"900\" height=\"120\" src=\"https:\/\/cristinapg.es\/wp-content\/uploads\/2024\/07\/la-razon-de-proa.jpg\" class=\"attachment-large size-large wp-image-208\" alt=\"C\u00edrculos Jos\u00e9 Antonio: La falange disidente\" srcset=\"https:\/\/cristinapg.es\/wp-content\/uploads\/2024\/07\/la-razon-de-proa.jpg 900w, https:\/\/cristinapg.es\/wp-content\/uploads\/2024\/07\/la-razon-de-proa-300x40.jpg 300w, https:\/\/cristinapg.es\/wp-content\/uploads\/2024\/07\/la-razon-de-proa-768x102.jpg 768w\" sizes=\"(max-width: 900px) 100vw, 900px\" \/>\t\t\t\t\t\t\t\t<\/a>\n\t\t\t\t\t\t\t\t\t\t\t\t\t<\/div>\n\t\t\t\t<\/div>\n\t\t\t\t\t<\/div>\n\t\t\t\t<\/div>\n\t\t<div class=\"elementor-element elementor-element-83e8cf9 e-flex e-con-boxed e-con e-parent\" data-id=\"83e8cf9\" data-element_type=\"container\">\n\t\t\t\t\t<div class=\"e-con-inner\">\n\t\t\t\t\t<\/div>\n\t\t\t\t<\/div>\n\t\t<div class=\"elementor-element elementor-element-a89325f e-flex e-con-boxed e-con e-parent\" data-id=\"a89325f\" data-element_type=\"container\">\n\t\t\t\t\t<div class=\"e-con-inner\">\n\t\t\t\t<div class=\"elementor-element elementor-element-fa63944 elementor-widget elementor-widget-heading\" data-id=\"fa63944\" data-element_type=\"widget\" data-widget_type=\"heading.default\">\n\t\t\t\t<div class=\"elementor-widget-container\">\n\t\t\t<h2 class=\"elementor-heading-title elementor-size-default\"><a href=\"https:\/\/fernandoalonsobarahona.com\/circulos-jose-antonio-cristina-perez-fernandez\/\" target=\"_blank\">Fernando Alonso Barahona<\/a><\/h2>\t\t<\/div>\n\t\t\t\t<\/div>\n\t\t\t\t<div class=\"elementor-element elementor-element-c975e10 elementor-widget elementor-widget-image\" data-id=\"c975e10\" data-element_type=\"widget\" data-widget_type=\"image.default\">\n\t\t\t\t<div class=\"elementor-widget-container\">\n\t\t\t\t\t\t\t\t\t\t\t\t\t\t<a href=\"https:\/\/fernandoalonsobarahona.com\/circulos-jose-antonio-cristina-perez-fernandez\/\" target=\"_blank\">\n\t\t\t\t\t\t\t<img decoding=\"async\" width=\"1024\" height=\"225\" src=\"https:\/\/cristinapg.es\/wp-content\/uploads\/2024\/07\/barahona-1024x225.jpg\" class=\"attachment-large size-large wp-image-212\" alt=\"\" srcset=\"https:\/\/cristinapg.es\/wp-content\/uploads\/2024\/07\/barahona-1024x225.jpg 1024w, https:\/\/cristinapg.es\/wp-content\/uploads\/2024\/07\/barahona-300x66.jpg 300w, https:\/\/cristinapg.es\/wp-content\/uploads\/2024\/07\/barahona-768x169.jpg 768w, https:\/\/cristinapg.es\/wp-content\/uploads\/2024\/07\/barahona-1536x337.jpg 1536w, https:\/\/cristinapg.es\/wp-content\/uploads\/2024\/07\/barahona-2048x450.jpg 2048w\" sizes=\"(max-width: 1024px) 100vw, 1024px\" \/>\t\t\t\t\t\t\t\t<\/a>\n\t\t\t\t\t\t\t\t\t\t\t\t\t<\/div>\n\t\t\t\t<\/div>\n\t\t\t\t\t<\/div>\n\t\t\t\t<\/div>\n\t\t<div class=\"elementor-element elementor-element-cf97228 e-flex e-con-boxed e-con e-parent\" data-id=\"cf97228\" data-element_type=\"container\">\n\t\t\t\t\t<div class=\"e-con-inner\">\n\t\t\t\t<div class=\"elementor-element elementor-element-48374d6 elementor-widget elementor-widget-heading\" data-id=\"48374d6\" data-element_type=\"widget\" data-widget_type=\"heading.default\">\n\t\t\t\t<div class=\"elementor-widget-container\">\n\t\t\t<h2 class=\"elementor-heading-title elementor-size-default\"><a href=\"https:\/\/elmunicipio.es\/2024\/06\/falangistas-consiguen-que-jose-antonio-vuelva-a-la-gran-via-de-madrid\/\" target=\"_blank\">El Municipio<\/a><\/h2>\t\t<\/div>\n\t\t\t\t<\/div>\n\t\t\t\t<div class=\"elementor-element elementor-element-6261747 elementor-widget elementor-widget-image\" data-id=\"6261747\" data-element_type=\"widget\" data-widget_type=\"image.default\">\n\t\t\t\t<div class=\"elementor-widget-container\">\n\t\t\t\t\t\t\t\t\t\t\t\t\t\t<a href=\"https:\/\/elmunicipio.es\/2024\/06\/falangistas-consiguen-que-jose-antonio-vuelva-a-la-gran-via-de-madrid\/\" target=\"_blank\">\n\t\t\t\t\t\t\t<img decoding=\"async\" width=\"720\" height=\"158\" src=\"https:\/\/cristinapg.es\/wp-content\/uploads\/2024\/07\/ELMUNICIPIO.ES_1.jpg\" class=\"attachment-large size-large wp-image-234\" alt=\"C\u00edrculos Jos\u00e9 Antonio, la falange disidente\" srcset=\"https:\/\/cristinapg.es\/wp-content\/uploads\/2024\/07\/ELMUNICIPIO.ES_1.jpg 720w, https:\/\/cristinapg.es\/wp-content\/uploads\/2024\/07\/ELMUNICIPIO.ES_1-300x66.jpg 300w\" sizes=\"(max-width: 720px) 100vw, 720px\" \/>\t\t\t\t\t\t\t\t<\/a>\n\t\t\t\t\t\t\t\t\t\t\t\t\t<\/div>\n\t\t\t\t<\/div>\n\t\t\t\t\t<\/div>\n\t\t\t\t<\/div>\n\t\t\t\t<\/div>\n\t\t","protected":false},"excerpt":{"rendered":"<p>La Raz\u00f3n de la Proa Fernando Alonso Barahona El Municipio<\/p>\n","protected":false},"author":1,"featured_media":0,"parent":156,"menu_order":0,"comment_status":"closed","ping_status":"closed","template":"","meta":{"site-sidebar-layout":"no-sidebar","site-content-layout":"","ast-site-content-layout":"full-width-container","site-content-style":"default","site-sidebar-style":"default","ast-global-header-display":"","ast-banner-title-visibility":"","ast-main-header-display":"","ast-hfb-above-header-display":"","ast-hfb-below-header-display":"","ast-hfb-mobile-header-display":"","site-post-title":"disabled","ast-breadcrumbs-content":"","ast-featured-img":"disabled","footer-sml-layout":"","theme-transparent-header-meta":"","adv-header-id-meta":"","stick-header-meta":"","header-above-stick-meta":"","header-main-stick-meta":"","header-below-stick-meta":"","astra-migrate-meta-layouts":"default","ast-page-background-enabled":"default","ast-page-background-meta":{"desktop":{"background-color":"var(--ast-global-color-4)","background-image":"","background-repeat":"repeat","background-position":"center center","background-size":"auto","background-attachment":"scroll","background-type":"","background-media":"","overlay-type":"","overlay-color":"","overlay-opacity":"","overlay-gradient":""},"tablet":{"background-color":"","background-image":"","background-repeat":"repeat","background-position":"center center","background-size":"auto","background-attachment":"scroll","background-type":"","background-media":"","overlay-type":"","overlay-color":"","overlay-opacity":"","overlay-gradient":""},"mobile":{"background-color":"","background-image":"","background-repeat":"repeat","background-position":"center center","background-size":"auto","background-attachment":"scroll","background-type":"","background-media":"","overlay-type":"","overlay-color":"","overlay-opacity":"","overlay-gradient":""}},"ast-content-background-meta":{"desktop":{"background-color":"var(--ast-global-color-5)","background-image":"","background-repeat":"repeat","background-position":"center center","background-size":"auto","background-attachment":"scroll","background-type":"","background-media":"","overlay-type":"","overlay-color":"","overlay-opacity":"","overlay-gradient":""},"tablet":{"background-color":"var(--ast-global-color-5)","background-image":"","background-repeat":"repeat","background-position":"center center","background-size":"auto","background-attachment":"scroll","background-type":"","background-media":"","overlay-type":"","overlay-color":"","overlay-opacity":"","overlay-gradient":""},"mobile":{"background-color":"var(--ast-global-color-5)","background-image":"","background-repeat":"repeat","background-position":"center center","background-size":"auto","background-attachment":"scroll","background-type":"","background-media":"","overlay-type":"","overlay-color":"","overlay-opacity":"","overlay-gradient":""}},"footnotes":""},"class_list":["post-158","page","type-page","status-publish","hentry"],"yoast_head":"<!-- This site is optimized with the Yoast SEO plugin v23.6 - https:\/\/yoast.com\/wordpress\/plugins\/seo\/ -->\n<title>Hemeroteca - C\u00edrculos Jos\u00e9 Antonio, la falange disidente<\/title>\n<meta name=\"description\" content=\"Articulos relacionados con el libro C\u00edrculos Jos\u00e9 Antonio, la falange disidente de Cristina P\u00e9rez Gonz\u00e1lez.\" \/>\n<meta name=\"robots\" content=\"index, follow, max-snippet:-1, max-image-preview:large, max-video-preview:-1\" \/>\n<link rel=\"canonical\" href=\"https:\/\/cristinapg.es\/index.php\/presentacion\/hemeroteca\/\" \/>\n<meta property=\"og:locale\" content=\"es_ES\" \/>\n<meta property=\"og:type\" content=\"article\" \/>\n<meta property=\"og:title\" content=\"Hemeroteca - C\u00edrculos Jos\u00e9 Antonio, la falange disidente\" \/>\n<meta property=\"og:description\" content=\"Articulos relacionados con el libro C\u00edrculos Jos\u00e9 Antonio, la falange disidente de Cristina P\u00e9rez Gonz\u00e1lez.\" \/>\n<meta property=\"og:url\" content=\"https:\/\/cristinapg.es\/index.php\/presentacion\/hemeroteca\/\" \/>\n<meta property=\"og:site_name\" content=\"C\u00edrculos Jos\u00e9 Antonio, la falange disidente\" \/>\n<meta property=\"article:modified_time\" content=\"2024-07-07T21:52:36+00:00\" \/>\n<meta property=\"og:image\" content=\"https:\/\/cristinapg.es\/wp-content\/uploads\/2024\/07\/la-razon-de-proa.jpg\" \/>\n<meta name=\"twitter:card\" content=\"summary_large_image\" \/>\n<meta name=\"twitter:label1\" content=\"Tiempo de lectura\" \/>\n\t<meta name=\"twitter:data1\" content=\"1 minuto\" \/>\n<script type=\"application\/ld+json\" class=\"yoast-schema-graph\">{\"@context\":\"https:\/\/schema.org\",\"@graph\":[{\"@type\":\"WebPage\",\"@id\":\"https:\/\/cristinapg.es\/index.php\/presentacion\/hemeroteca\/\",\"url\":\"https:\/\/cristinapg.es\/index.php\/presentacion\/hemeroteca\/\",\"name\":\"Hemeroteca - C\u00edrculos Jos\u00e9 Antonio, la falange disidente\",\"isPartOf\":{\"@id\":\"https:\/\/cristinapg.es\/#website\"},\"primaryImageOfPage\":{\"@id\":\"https:\/\/cristinapg.es\/index.php\/presentacion\/hemeroteca\/#primaryimage\"},\"image\":{\"@id\":\"https:\/\/cristinapg.es\/index.php\/presentacion\/hemeroteca\/#primaryimage\"},\"thumbnailUrl\":\"https:\/\/cristinapg.es\/wp-content\/uploads\/2024\/07\/la-razon-de-proa.jpg\",\"datePublished\":\"2024-07-04T22:41:54+00:00\",\"dateModified\":\"2024-07-07T21:52:36+00:00\",\"description\":\"Articulos relacionados con el libro C\u00edrculos Jos\u00e9 Antonio, la falange disidente de Cristina P\u00e9rez Gonz\u00e1lez.\",\"breadcrumb\":{\"@id\":\"https:\/\/cristinapg.es\/index.php\/presentacion\/hemeroteca\/#breadcrumb\"},\"inLanguage\":\"es\",\"potentialAction\":[{\"@type\":\"ReadAction\",\"target\":[\"https:\/\/cristinapg.es\/index.php\/presentacion\/hemeroteca\/\"]}]},{\"@type\":\"ImageObject\",\"inLanguage\":\"es\",\"@id\":\"https:\/\/cristinapg.es\/index.php\/presentacion\/hemeroteca\/#primaryimage\",\"url\":\"https:\/\/cristinapg.es\/wp-content\/uploads\/2024\/07\/la-razon-de-proa.jpg\",\"contentUrl\":\"https:\/\/cristinapg.es\/wp-content\/uploads\/2024\/07\/la-razon-de-proa.jpg\",\"width\":900,\"height\":120,\"caption\":\"C\u00edrculos Jos\u00e9 Antonio: La falange disidente\"},{\"@type\":\"BreadcrumbList\",\"@id\":\"https:\/\/cristinapg.es\/index.php\/presentacion\/hemeroteca\/#breadcrumb\",\"itemListElement\":[{\"@type\":\"ListItem\",\"position\":1,\"name\":\"Portada\",\"item\":\"https:\/\/cristinapg.es\/\"},{\"@type\":\"ListItem\",\"position\":2,\"name\":\"Presentaci\u00f3n\",\"item\":\"https:\/\/cristinapg.es\/index.php\/presentacion\/\"},{\"@type\":\"ListItem\",\"position\":3,\"name\":\"Hemeroteca\"}]},{\"@type\":\"WebSite\",\"@id\":\"https:\/\/cristinapg.es\/#website\",\"url\":\"https:\/\/cristinapg.es\/\",\"name\":\"C\u00edrculos Jos\u00e9 Antonio, la falange disidente\",\"description\":\"C\u00edrculos Jos\u00e9 Antonio, la falange disidente\",\"publisher\":{\"@id\":\"https:\/\/cristinapg.es\/#organization\"},\"potentialAction\":[{\"@type\":\"SearchAction\",\"target\":{\"@type\":\"EntryPoint\",\"urlTemplate\":\"https:\/\/cristinapg.es\/?s={search_term_string}\"},\"query-input\":{\"@type\":\"PropertyValueSpecification\",\"valueRequired\":true,\"valueName\":\"search_term_string\"}}],\"inLanguage\":\"es\"},{\"@type\":\"Organization\",\"@id\":\"https:\/\/cristinapg.es\/#organization\",\"name\":\"C\u00edrculos Jos\u00e9 Antonio, la falange disidente\",\"url\":\"https:\/\/cristinapg.es\/\",\"logo\":{\"@type\":\"ImageObject\",\"inLanguage\":\"es\",\"@id\":\"https:\/\/cristinapg.es\/#\/schema\/logo\/image\/\",\"url\":\"https:\/\/cristinapg.es\/wp-content\/uploads\/2024\/07\/LOGO.webp\",\"contentUrl\":\"https:\/\/cristinapg.es\/wp-content\/uploads\/2024\/07\/LOGO.webp\",\"width\":180,\"height\":256,\"caption\":\"C\u00edrculos Jos\u00e9 Antonio, la falange disidente\"},\"image\":{\"@id\":\"https:\/\/cristinapg.es\/#\/schema\/logo\/image\/\"}}]}<\/script>\n<!-- \/ Yoast SEO plugin. -->","yoast_head_json":{"title":"Hemeroteca - C\u00edrculos Jos\u00e9 Antonio, la falange disidente","description":"Articulos relacionados con el libro C\u00edrculos Jos\u00e9 Antonio, la falange disidente de Cristina P\u00e9rez Gonz\u00e1lez.","robots":{"index":"index","follow":"follow","max-snippet":"max-snippet:-1","max-image-preview":"max-image-preview:large","max-video-preview":"max-video-preview:-1"},"canonical":"https:\/\/cristinapg.es\/index.php\/presentacion\/hemeroteca\/","og_locale":"es_ES","og_type":"article","og_title":"Hemeroteca - C\u00edrculos Jos\u00e9 Antonio, la falange disidente","og_description":"Articulos relacionados con el libro C\u00edrculos Jos\u00e9 Antonio, la falange disidente de Cristina P\u00e9rez Gonz\u00e1lez.","og_url":"https:\/\/cristinapg.es\/index.php\/presentacion\/hemeroteca\/","og_site_name":"C\u00edrculos Jos\u00e9 Antonio, la falange disidente","article_modified_time":"2024-07-07T21:52:36+00:00","og_image":[{"url":"https:\/\/cristinapg.es\/wp-content\/uploads\/2024\/07\/la-razon-de-proa.jpg"}],"twitter_card":"summary_large_image","twitter_misc":{"Tiempo de lectura":"1 minuto"},"schema":{"@context":"https:\/\/schema.org","@graph":[{"@type":"WebPage","@id":"https:\/\/cristinapg.es\/index.php\/presentacion\/hemeroteca\/","url":"https:\/\/cristinapg.es\/index.php\/presentacion\/hemeroteca\/","name":"Hemeroteca - C\u00edrculos Jos\u00e9 Antonio, la falange disidente","isPartOf":{"@id":"https:\/\/cristinapg.es\/#website"},"primaryImageOfPage":{"@id":"https:\/\/cristinapg.es\/index.php\/presentacion\/hemeroteca\/#primaryimage"},"image":{"@id":"https:\/\/cristinapg.es\/index.php\/presentacion\/hemeroteca\/#primaryimage"},"thumbnailUrl":"https:\/\/cristinapg.es\/wp-content\/uploads\/2024\/07\/la-razon-de-proa.jpg","datePublished":"2024-07-04T22:41:54+00:00","dateModified":"2024-07-07T21:52:36+00:00","description":"Articulos relacionados con el libro C\u00edrculos Jos\u00e9 Antonio, la falange disidente de Cristina P\u00e9rez Gonz\u00e1lez.","breadcrumb":{"@id":"https:\/\/cristinapg.es\/index.php\/presentacion\/hemeroteca\/#breadcrumb"},"inLanguage":"es","potentialAction":[{"@type":"ReadAction","target":["https:\/\/cristinapg.es\/index.php\/presentacion\/hemeroteca\/"]}]},{"@type":"ImageObject","inLanguage":"es","@id":"https:\/\/cristinapg.es\/index.php\/presentacion\/hemeroteca\/#primaryimage","url":"https:\/\/cristinapg.es\/wp-content\/uploads\/2024\/07\/la-razon-de-proa.jpg","contentUrl":"https:\/\/cristinapg.es\/wp-content\/uploads\/2024\/07\/la-razon-de-proa.jpg","width":900,"height":120,"caption":"C\u00edrculos Jos\u00e9 Antonio: La falange disidente"},{"@type":"BreadcrumbList","@id":"https:\/\/cristinapg.es\/index.php\/presentacion\/hemeroteca\/#breadcrumb","itemListElement":[{"@type":"ListItem","position":1,"name":"Portada","item":"https:\/\/cristinapg.es\/"},{"@type":"ListItem","position":2,"name":"Presentaci\u00f3n","item":"https:\/\/cristinapg.es\/index.php\/presentacion\/"},{"@type":"ListItem","position":3,"name":"Hemeroteca"}]},{"@type":"WebSite","@id":"https:\/\/cristinapg.es\/#website","url":"https:\/\/cristinapg.es\/","name":"C\u00edrculos Jos\u00e9 Antonio, la falange disidente","description":"C\u00edrculos Jos\u00e9 Antonio, la falange disidente","publisher":{"@id":"https:\/\/cristinapg.es\/#organization"},"potentialAction":[{"@type":"SearchAction","target":{"@type":"EntryPoint","urlTemplate":"https:\/\/cristinapg.es\/?s={search_term_string}"},"query-input":{"@type":"PropertyValueSpecification","valueRequired":true,"valueName":"search_term_string"}}],"inLanguage":"es"},{"@type":"Organization","@id":"https:\/\/cristinapg.es\/#organization","name":"C\u00edrculos Jos\u00e9 Antonio, la falange disidente","url":"https:\/\/cristinapg.es\/","logo":{"@type":"ImageObject","inLanguage":"es","@id":"https:\/\/cristinapg.es\/#\/schema\/logo\/image\/","url":"https:\/\/cristinapg.es\/wp-content\/uploads\/2024\/07\/LOGO.webp","contentUrl":"https:\/\/cristinapg.es\/wp-content\/uploads\/2024\/07\/LOGO.webp","width":180,"height":256,"caption":"C\u00edrculos Jos\u00e9 Antonio, la falange disidente"},"image":{"@id":"https:\/\/cristinapg.es\/#\/schema\/logo\/image\/"}}]}},"_links":{"self":[{"href":"https:\/\/cristinapg.es\/index.php\/wp-json\/wp\/v2\/pages\/158","targetHints":{"allow":["GET"]}}],"collection":[{"href":"https:\/\/cristinapg.es\/index.php\/wp-json\/wp\/v2\/pages"}],"about":[{"href":"https:\/\/cristinapg.es\/index.php\/wp-json\/wp\/v2\/types\/page"}],"author":[{"embeddable":true,"href":"https:\/\/cristinapg.es\/index.php\/wp-json\/wp\/v2\/users\/1"}],"replies":[{"embeddable":true,"href":"https:\/\/cristinapg.es\/index.php\/wp-json\/wp\/v2\/comments?post=158"}],"version-history":[{"count":34,"href":"https:\/\/cristinapg.es\/index.php\/wp-json\/wp\/v2\/pages\/158\/revisions"}],"predecessor-version":[{"id":250,"href":"https:\/\/cristinapg.es\/index.php\/wp-json\/wp\/v2\/pages\/158\/revisions\/250"}],"up":[{"embeddable":true,"href":"https:\/\/cristinapg.es\/index.php\/wp-json\/wp\/v2\/pages\/156"}],"wp:attachment":[{"href":"https:\/\/cristinapg.es\/index.php\/wp-json\/wp\/v2\/media?parent=158"}],"curies":[{"name":"wp","href":"https:\/\/api.w.org\/{rel}","templated":true}]}}