{"id":160,"date":"2024-07-04T22:42:39","date_gmt":"2024-07-04T22:42:39","guid":{"rendered":"https:\/\/cristinapg.es\/?page_id=160"},"modified":"2024-07-05T23:09:38","modified_gmt":"2024-07-05T23:09:38","slug":"contacto","status":"publish","type":"page","link":"https:\/\/cristinapg.es\/index.php\/contacto\/","title":{"rendered":"Contacto"},"content":{"rendered":"\t\t<div data-elementor-type=\"wp-page\" data-elementor-id=\"160\" class=\"elementor elementor-160\" data-elementor-post-type=\"page\">\n\t\t\t\t<div class=\"elementor-element elementor-element-e677207 e-flex e-con-boxed e-con e-parent\" data-id=\"e677207\" data-element_type=\"container\">\n\t\t\t\t\t<div class=\"e-con-inner\">\n\t\t\t\t<div class=\"elementor-element elementor-element-5b73f316 elementor-widget elementor-widget-text-editor\" data-id=\"5b73f316\" data-element_type=\"widget\" data-widget_type=\"text-editor.default\">\n\t\t\t\t<div class=\"elementor-widget-container\">\n\t\t\t\t\t\t\t<!-- wp:wpforms\/form-selector {\"clientId\":\"0d8cc885-aff8-46b3-8cb1-5015de57a360\",\"formId\":\"321\",\"copyPasteJsonValue\":\"{\\u0022displayTitle\\u0022:false,\\u0022displayDesc\\u0022:false,\\u0022theme\\u0022:\\u0022default\\u0022,\\u0022themeName\\u0022:\\u0022\\u0022,\\u0022fieldSize\\u0022:\\u0022medium\\u0022,\\u0022backgroundImage\\u0022:\\u0022none\\u0022,\\u0022backgroundPosition\\u0022:\\u0022center center\\u0022,\\u0022backgroundRepeat\\u0022:\\u0022no-repeat\\u0022,\\u0022backgroundSizeMode\\u0022:\\u0022cover\\u0022,\\u0022backgroundSize\\u0022:\\u0022cover\\u0022,\\u0022backgroundWidth\\u0022:\\u0022100px\\u0022,\\u0022backgroundHeight\\u0022:\\u0022100px\\u0022,\\u0022backgroundUrl\\u0022:\\u0022url()\\u0022,\\u0022backgroundColor\\u0022:\\u0022rgba( 0, 0, 0, 0 )\\u0022,\\u0022fieldBorderRadius\\u0022:\\u00223px\\u0022,\\u0022fieldBorderStyle\\u0022:\\u0022solid\\u0022,\\u0022fieldBorderSize\\u0022:\\u00221px\\u0022,\\u0022fieldBackgroundColor\\u0022:\\u0022#ffffff\\u0022,\\u0022fieldBorderColor\\u0022:\\u0022rgba( 0, 0, 0, 0.25 )\\u0022,\\u0022fieldTextColor\\u0022:\\u0022rgba( 0, 0, 0, 0.7 )\\u0022,\\u0022fieldMenuColor\\u0022:\\u0022#ffffff\\u0022,\\u0022labelSize\\u0022:\\u0022medium\\u0022,\\u0022labelColor\\u0022:\\u0022rgba( 0, 0, 0, 0.85 )\\u0022,\\u0022labelSublabelColor\\u0022:\\u0022rgba( 0, 0, 0, 0.55 )\\u0022,\\u0022labelErrorColor\\u0022:\\u0022#d63637\\u0022,\\u0022buttonSize\\u0022:\\u0022medium\\u0022,\\u0022buttonBorderStyle\\u0022:\\u0022none\\u0022,\\u0022buttonBorderSize\\u0022:\\u00221px\\u0022,\\u0022buttonBorderRadius\\u0022:\\u00223px\\u0022,\\u0022buttonBackgroundColor\\u0022:\\u0022#066aab\\u0022,\\u0022buttonTextColor\\u0022:\\u0022#ffffff\\u0022,\\u0022buttonBorderColor\\u0022:\\u0022#066aab\\u0022,\\u0022pageBreakColor\\u0022:\\u0022#066aab\\u0022,\\u0022containerPadding\\u0022:\\u00220px\\u0022,\\u0022containerBorderStyle\\u0022:\\u0022none\\u0022,\\u0022containerBorderWidth\\u0022:\\u00221px\\u0022,\\u0022containerBorderColor\\u0022:\\u0022#000000\\u0022,\\u0022containerBorderRadius\\u0022:\\u00223px\\u0022,\\u0022containerShadowSize\\u0022:\\u0022none\\u0022,\\u0022customCss\\u0022:\\u0022\\u0022}\"} \/-->\t\t\t\t\t\t<\/div>\n\t\t\t\t<\/div>\n\t\t\t\t\t<\/div>\n\t\t\t\t<\/div>\n\t\t<div class=\"elementor-element elementor-element-18d007a e-flex e-con-boxed e-con e-parent\" data-id=\"18d007a\" data-element_type=\"container\">\n\t\t\t\t\t<div class=\"e-con-inner\">\n\t\t\t\t<div class=\"elementor-element elementor-element-e151a7b elementor-widget elementor-widget-text-editor\" data-id=\"e151a7b\" data-element_type=\"widget\" data-widget_type=\"text-editor.default\">\n\t\t\t\t<div class=\"elementor-widget-container\">\n\t\t\t\t\t\t\t<p>Si quieres contactar con nosotros dejanos tus datos y tu comentario:\u00a0<\/p>\t\t\t\t\t\t<\/div>\n\t\t\t\t<\/div>\n\t\t\t\t\t<\/div>\n\t\t\t\t<\/div>\n\t\t<div class=\"elementor-element elementor-element-c99450c e-flex e-con-boxed e-con e-parent\" data-id=\"c99450c\" data-element_type=\"container\">\n\t\t\t\t\t<div class=\"e-con-inner\">\n\t\t\t\t<div class=\"elementor-element elementor-element-ef065a2 elementor-widget elementor-widget-wpforms\" data-id=\"ef065a2\" data-element_type=\"widget\" data-widget_type=\"wpforms.default\">\n\t\t\t\t<div class=\"elementor-widget-container\">\n\t\t\t<style id=\"wpforms-css-vars-root\">\n\t\t\t\t:root {\n\t\t\t\t\t--wpforms-field-border-radius: 3px;\n--wpforms-field-border-style: solid;\n--wpforms-field-border-size: 1px;\n--wpforms-field-background-color: #ffffff;\n--wpforms-field-border-color: rgba( 0, 0, 0, 0.25 );\n--wpforms-field-border-color-spare: rgba( 0, 0, 0, 0.25 );\n--wpforms-field-text-color: rgba( 0, 0, 0, 0.7 );\n--wpforms-field-menu-color: #ffffff;\n--wpforms-label-color: rgba( 0, 0, 0, 0.85 );\n--wpforms-label-sublabel-color: rgba( 0, 0, 0, 0.55 );\n--wpforms-label-error-color: #d63637;\n--wpforms-button-border-radius: 3px;\n--wpforms-button-border-style: none;\n--wpforms-button-border-size: 1px;\n--wpforms-button-background-color: #066aab;\n--wpforms-button-border-color: #066aab;\n--wpforms-button-text-color: #ffffff;\n--wpforms-page-break-color: #066aab;\n--wpforms-background-image: none;\n--wpforms-background-position: center center;\n--wpforms-background-repeat: no-repeat;\n--wpforms-background-size: cover;\n--wpforms-background-width: 100px;\n--wpforms-background-height: 100px;\n--wpforms-background-color: rgba( 0, 0, 0, 0 );\n--wpforms-background-url: none;\n--wpforms-container-padding: 0px;\n--wpforms-container-border-style: none;\n--wpforms-container-border-width: 1px;\n--wpforms-container-border-color: #000000;\n--wpforms-container-border-radius: 3px;\n--wpforms-field-size-input-height: 43px;\n--wpforms-field-size-input-spacing: 15px;\n--wpforms-field-size-font-size: 16px;\n--wpforms-field-size-line-height: 19px;\n--wpforms-field-size-padding-h: 14px;\n--wpforms-field-size-checkbox-size: 16px;\n--wpforms-field-size-sublabel-spacing: 5px;\n--wpforms-field-size-icon-size: 1;\n--wpforms-label-size-font-size: 16px;\n--wpforms-label-size-line-height: 19px;\n--wpforms-label-size-sublabel-font-size: 14px;\n--wpforms-label-size-sublabel-line-height: 17px;\n--wpforms-button-size-font-size: 17px;\n--wpforms-button-size-height: 41px;\n--wpforms-button-size-padding-h: 15px;\n--wpforms-button-size-margin-top: 10px;\n--wpforms-container-shadow-size-box-shadow: none;\n\n\t\t\t\t}\n\t\t\t<\/style><style id=\"wpforms-css-vars-elementor-widget-ef065a2\">\n\t\t\t\t.elementor-widget-wpforms.elementor-element-ef065a2 {\n\t\t\t\t\t--wpforms-field-size-input-height: 43px;\n--wpforms-field-size-input-spacing: 15px;\n--wpforms-field-size-font-size: 16px;\n--wpforms-field-size-line-height: 19px;\n--wpforms-field-size-padding-h: 14px;\n--wpforms-field-size-checkbox-size: 16px;\n--wpforms-field-size-sublabel-spacing: 5px;\n--wpforms-field-size-icon-size: 1;\n--wpforms-label-size-font-size: 16px;\n--wpforms-label-size-line-height: 19px;\n--wpforms-label-size-sublabel-font-size: 14px;\n--wpforms-label-size-sublabel-line-height: 17px;\n--wpforms-button-size-font-size: 17px;\n--wpforms-button-size-height: 41px;\n--wpforms-button-size-padding-h: 15px;\n--wpforms-button-size-margin-top: 10px;\n\n\t\t\t\t}\n\t\t\t<\/style><div class=\"wpforms-container wpforms-container-full wpforms-block wpforms-block-0d8cc885-aff8-46b3-8cb1-5015de57a360 wpforms-render-modern\" id=\"wpforms-321\"><form id=\"wpforms-form-321\" class=\"wpforms-validate wpforms-form wpforms-ajax-form\" data-formid=\"321\" method=\"post\" enctype=\"multipart\/form-data\" action=\"\/index.php\/wp-json\/wp\/v2\/pages\/160\" data-token=\"e5edfdbe6fddb3f50fbbe262052fc818\" data-token-time=\"1776283917\"><noscript class=\"wpforms-error-noscript\">Por favor, activa JavaScript en tu navegador para completar este formulario.<\/noscript><div class=\"wpforms-hidden\" id=\"wpforms-error-noscript\">Por favor, activa JavaScript en tu navegador para completar este formulario.<\/div><div class=\"wpforms-field-container\"><div id=\"wpforms-321-field_0-container\" class=\"wpforms-field wpforms-field-name\" data-field-id=\"0\"><label class=\"wpforms-field-label\" for=\"wpforms-321-field_0\">Nombre <span class=\"wpforms-required-label\" aria-hidden=\"true\">*<\/span><\/label><input type=\"text\" id=\"wpforms-321-field_0\" class=\"wpforms-field-medium wpforms-field-required\" name=\"wpforms[fields][0]\" aria-errormessage=\"wpforms-321-field_0-error\" required><\/div><div id=\"wpforms-321-field_1-container\" class=\"wpforms-field wpforms-field-email\" data-field-id=\"1\"><label class=\"wpforms-field-label\" for=\"wpforms-321-field_1\">Correo electr\u00f3nico <span class=\"wpforms-required-label\" aria-hidden=\"true\">*<\/span><\/label><input type=\"email\" id=\"wpforms-321-field_1\" class=\"wpforms-field-medium wpforms-field-required\" name=\"wpforms[fields][1]\" spellcheck=\"false\" aria-errormessage=\"wpforms-321-field_1-error\" required><\/div><div id=\"wpforms-321-field_2-container\" class=\"wpforms-field wpforms-field-textarea\" data-field-id=\"2\"><label class=\"wpforms-field-label\" for=\"wpforms-321-field_2\">Comentario o mensaje<\/label><textarea id=\"wpforms-321-field_2\" class=\"wpforms-field-medium\" name=\"wpforms[fields][2]\" aria-errormessage=\"wpforms-321-field_2-error\" ><\/textarea><\/div><\/div><!-- .wpforms-field-container --><div class=\"wpforms-submit-container\" ><input type=\"hidden\" name=\"wpforms[id]\" value=\"321\"><input type=\"hidden\" name=\"page_title\" value=\"\"><input type=\"hidden\" name=\"page_url\" value=\"https:\/\/cristinapg.es\/index.php\/wp-json\/wp\/v2\/pages\/160\"><button type=\"submit\" name=\"wpforms[submit]\" id=\"wpforms-submit-321\" class=\"wpforms-submit\" data-alt-text=\"Enviando...\" data-submit-text=\"Enviar\" aria-live=\"assertive\" value=\"wpforms-submit\">Enviar<\/button><img decoding=\"async\" src=\"https:\/\/cristinapg.es\/wp-content\/plugins\/wpforms-lite\/assets\/images\/submit-spin.svg\" class=\"wpforms-submit-spinner\" style=\"display: none;\" width=\"26\" height=\"26\" alt=\"Cargando\"><\/div><\/form><\/div>  <!-- .wpforms-container -->\t\t<\/div>\n\t\t\t\t<\/div>\n\t\t\t\t\t<\/div>\n\t\t\t\t<\/div>\n\t\t\t\t<\/div>\n\t\t","protected":false},"excerpt":{"rendered":"<p>Si quieres contactar con nosotros dejanos tus datos y tu comentario:\u00a0 Por favor, activa JavaScript en tu navegador para completar [&hellip;]<\/p>\n","protected":false},"author":1,"featured_media":0,"parent":0,"menu_order":0,"comment_status":"closed","ping_status":"closed","template":"","meta":{"site-sidebar-layout":"no-sidebar","site-content-layout":"","ast-site-content-layout":"full-width-container","site-content-style":"default","site-sidebar-style":"default","ast-global-header-display":"","ast-banner-title-visibility":"","ast-main-header-display":"","ast-hfb-above-header-display":"","ast-hfb-below-header-display":"","ast-hfb-mobile-header-display":"","site-post-title":"disabled","ast-breadcrumbs-content":"","ast-featured-img":"disabled","footer-sml-layout":"","theme-transparent-header-meta":"","adv-header-id-meta":"","stick-header-meta":"","header-above-stick-meta":"","header-main-stick-meta":"","header-below-stick-meta":"","astra-migrate-meta-layouts":"default","ast-page-background-enabled":"default","ast-page-background-meta":{"desktop":{"background-color":"var(--ast-global-color-4)","background-image":"","background-repeat":"repeat","background-position":"center center","background-size":"auto","background-attachment":"scroll","background-type":"","background-media":"","overlay-type":"","overlay-color":"","overlay-opacity":"","overlay-gradient":""},"tablet":{"background-color":"","background-image":"","background-repeat":"repeat","background-position":"center center","background-size":"auto","background-attachment":"scroll","background-type":"","background-media":"","overlay-type":"","overlay-color":"","overlay-opacity":"","overlay-gradient":""},"mobile":{"background-color":"","background-image":"","background-repeat":"repeat","background-position":"center center","background-size":"auto","background-attachment":"scroll","background-type":"","background-media":"","overlay-type":"","overlay-color":"","overlay-opacity":"","overlay-gradient":""}},"ast-content-background-meta":{"desktop":{"background-color":"var(--ast-global-color-5)","background-image":"","background-repeat":"repeat","background-position":"center center","background-size":"auto","background-attachment":"scroll","background-type":"","background-media":"","overlay-type":"","overlay-color":"","overlay-opacity":"","overlay-gradient":""},"tablet":{"background-color":"var(--ast-global-color-5)","background-image":"","background-repeat":"repeat","background-position":"center center","background-size":"auto","background-attachment":"scroll","background-type":"","background-media":"","overlay-type":"","overlay-color":"","overlay-opacity":"","overlay-gradient":""},"mobile":{"background-color":"var(--ast-global-color-5)","background-image":"","background-repeat":"repeat","background-position":"center center","background-size":"auto","background-attachment":"scroll","background-type":"","background-media":"","overlay-type":"","overlay-color":"","overlay-opacity":"","overlay-gradient":""}},"footnotes":""},"class_list":["post-160","page","type-page","status-publish","hentry"],"yoast_head":"<!-- This site is optimized with the Yoast SEO plugin v23.6 - https:\/\/yoast.com\/wordpress\/plugins\/seo\/ -->\n<title>Contacto - C\u00edrculos Jos\u00e9 Antonio, la falange disidente<\/title>\n<meta name=\"robots\" content=\"index, follow, max-snippet:-1, max-image-preview:large, max-video-preview:-1\" \/>\n<link rel=\"canonical\" href=\"https:\/\/cristinapg.es\/index.php\/contacto\/\" \/>\n<meta property=\"og:locale\" content=\"es_ES\" \/>\n<meta property=\"og:type\" content=\"article\" \/>\n<meta property=\"og:title\" content=\"Contacto - C\u00edrculos Jos\u00e9 Antonio, la falange disidente\" \/>\n<meta property=\"og:description\" content=\"Si quieres contactar con nosotros dejanos tus datos y tu comentario:\u00a0 Por favor, activa JavaScript en tu navegador para completar [&hellip;]\" \/>\n<meta property=\"og:url\" content=\"https:\/\/cristinapg.es\/index.php\/contacto\/\" \/>\n<meta property=\"og:site_name\" content=\"C\u00edrculos Jos\u00e9 Antonio, la falange disidente\" \/>\n<meta property=\"article:modified_time\" content=\"2024-07-05T23:09:38+00:00\" \/>\n<meta property=\"og:image\" content=\"https:\/\/cristinapg.es\/wp-content\/plugins\/wpforms-lite\/assets\/images\/submit-spin.svg\" \/>\n<meta name=\"twitter:card\" content=\"summary_large_image\" \/>\n<meta name=\"twitter:label1\" content=\"Tiempo de lectura\" \/>\n\t<meta name=\"twitter:data1\" content=\"1 minuto\" \/>\n<script type=\"application\/ld+json\" class=\"yoast-schema-graph\">{\"@context\":\"https:\/\/schema.org\",\"@graph\":[{\"@type\":\"WebPage\",\"@id\":\"https:\/\/cristinapg.es\/index.php\/contacto\/\",\"url\":\"https:\/\/cristinapg.es\/index.php\/contacto\/\",\"name\":\"Contacto - C\u00edrculos Jos\u00e9 Antonio, la falange disidente\",\"isPartOf\":{\"@id\":\"https:\/\/cristinapg.es\/#website\"},\"primaryImageOfPage\":{\"@id\":\"https:\/\/cristinapg.es\/index.php\/contacto\/#primaryimage\"},\"image\":{\"@id\":\"https:\/\/cristinapg.es\/index.php\/contacto\/#primaryimage\"},\"thumbnailUrl\":\"https:\/\/cristinapg.es\/wp-content\/plugins\/wpforms-lite\/assets\/images\/submit-spin.svg\",\"datePublished\":\"2024-07-04T22:42:39+00:00\",\"dateModified\":\"2024-07-05T23:09:38+00:00\",\"breadcrumb\":{\"@id\":\"https:\/\/cristinapg.es\/index.php\/contacto\/#breadcrumb\"},\"inLanguage\":\"es\",\"potentialAction\":[{\"@type\":\"ReadAction\",\"target\":[\"https:\/\/cristinapg.es\/index.php\/contacto\/\"]}]},{\"@type\":\"ImageObject\",\"inLanguage\":\"es\",\"@id\":\"https:\/\/cristinapg.es\/index.php\/contacto\/#primaryimage\",\"url\":\"https:\/\/cristinapg.es\/wp-content\/plugins\/wpforms-lite\/assets\/images\/submit-spin.svg\",\"contentUrl\":\"https:\/\/cristinapg.es\/wp-content\/plugins\/wpforms-lite\/assets\/images\/submit-spin.svg\"},{\"@type\":\"BreadcrumbList\",\"@id\":\"https:\/\/cristinapg.es\/index.php\/contacto\/#breadcrumb\",\"itemListElement\":[{\"@type\":\"ListItem\",\"position\":1,\"name\":\"Portada\",\"item\":\"https:\/\/cristinapg.es\/\"},{\"@type\":\"ListItem\",\"position\":2,\"name\":\"Contacto\"}]},{\"@type\":\"WebSite\",\"@id\":\"https:\/\/cristinapg.es\/#website\",\"url\":\"https:\/\/cristinapg.es\/\",\"name\":\"C\u00edrculos Jos\u00e9 Antonio, la falange disidente\",\"description\":\"C\u00edrculos Jos\u00e9 Antonio, la falange disidente\",\"publisher\":{\"@id\":\"https:\/\/cristinapg.es\/#organization\"},\"potentialAction\":[{\"@type\":\"SearchAction\",\"target\":{\"@type\":\"EntryPoint\",\"urlTemplate\":\"https:\/\/cristinapg.es\/?s={search_term_string}\"},\"query-input\":{\"@type\":\"PropertyValueSpecification\",\"valueRequired\":true,\"valueName\":\"search_term_string\"}}],\"inLanguage\":\"es\"},{\"@type\":\"Organization\",\"@id\":\"https:\/\/cristinapg.es\/#organization\",\"name\":\"C\u00edrculos Jos\u00e9 Antonio, la falange disidente\",\"url\":\"https:\/\/cristinapg.es\/\",\"logo\":{\"@type\":\"ImageObject\",\"inLanguage\":\"es\",\"@id\":\"https:\/\/cristinapg.es\/#\/schema\/logo\/image\/\",\"url\":\"https:\/\/cristinapg.es\/wp-content\/uploads\/2024\/07\/LOGO.webp\",\"contentUrl\":\"https:\/\/cristinapg.es\/wp-content\/uploads\/2024\/07\/LOGO.webp\",\"width\":180,\"height\":256,\"caption\":\"C\u00edrculos Jos\u00e9 Antonio, la falange disidente\"},\"image\":{\"@id\":\"https:\/\/cristinapg.es\/#\/schema\/logo\/image\/\"}}]}<\/script>\n<!-- \/ Yoast SEO plugin. -->","yoast_head_json":{"title":"Contacto - C\u00edrculos Jos\u00e9 Antonio, la falange disidente","robots":{"index":"index","follow":"follow","max-snippet":"max-snippet:-1","max-image-preview":"max-image-preview:large","max-video-preview":"max-video-preview:-1"},"canonical":"https:\/\/cristinapg.es\/index.php\/contacto\/","og_locale":"es_ES","og_type":"article","og_title":"Contacto - C\u00edrculos Jos\u00e9 Antonio, la falange disidente","og_description":"Si quieres contactar con nosotros dejanos tus datos y tu comentario:\u00a0 Por favor, activa JavaScript en tu navegador para completar [&hellip;]","og_url":"https:\/\/cristinapg.es\/index.php\/contacto\/","og_site_name":"C\u00edrculos Jos\u00e9 Antonio, la falange disidente","article_modified_time":"2024-07-05T23:09:38+00:00","og_image":[{"url":"https:\/\/cristinapg.es\/wp-content\/plugins\/wpforms-lite\/assets\/images\/submit-spin.svg"}],"twitter_card":"summary_large_image","twitter_misc":{"Tiempo de lectura":"1 minuto"},"schema":{"@context":"https:\/\/schema.org","@graph":[{"@type":"WebPage","@id":"https:\/\/cristinapg.es\/index.php\/contacto\/","url":"https:\/\/cristinapg.es\/index.php\/contacto\/","name":"Contacto - C\u00edrculos Jos\u00e9 Antonio, la falange disidente","isPartOf":{"@id":"https:\/\/cristinapg.es\/#website"},"primaryImageOfPage":{"@id":"https:\/\/cristinapg.es\/index.php\/contacto\/#primaryimage"},"image":{"@id":"https:\/\/cristinapg.es\/index.php\/contacto\/#primaryimage"},"thumbnailUrl":"https:\/\/cristinapg.es\/wp-content\/plugins\/wpforms-lite\/assets\/images\/submit-spin.svg","datePublished":"2024-07-04T22:42:39+00:00","dateModified":"2024-07-05T23:09:38+00:00","breadcrumb":{"@id":"https:\/\/cristinapg.es\/index.php\/contacto\/#breadcrumb"},"inLanguage":"es","potentialAction":[{"@type":"ReadAction","target":["https:\/\/cristinapg.es\/index.php\/contacto\/"]}]},{"@type":"ImageObject","inLanguage":"es","@id":"https:\/\/cristinapg.es\/index.php\/contacto\/#primaryimage","url":"https:\/\/cristinapg.es\/wp-content\/plugins\/wpforms-lite\/assets\/images\/submit-spin.svg","contentUrl":"https:\/\/cristinapg.es\/wp-content\/plugins\/wpforms-lite\/assets\/images\/submit-spin.svg"},{"@type":"BreadcrumbList","@id":"https:\/\/cristinapg.es\/index.php\/contacto\/#breadcrumb","itemListElement":[{"@type":"ListItem","position":1,"name":"Portada","item":"https:\/\/cristinapg.es\/"},{"@type":"ListItem","position":2,"name":"Contacto"}]},{"@type":"WebSite","@id":"https:\/\/cristinapg.es\/#website","url":"https:\/\/cristinapg.es\/","name":"C\u00edrculos Jos\u00e9 Antonio, la falange disidente","description":"C\u00edrculos Jos\u00e9 Antonio, la falange disidente","publisher":{"@id":"https:\/\/cristinapg.es\/#organization"},"potentialAction":[{"@type":"SearchAction","target":{"@type":"EntryPoint","urlTemplate":"https:\/\/cristinapg.es\/?s={search_term_string}"},"query-input":{"@type":"PropertyValueSpecification","valueRequired":true,"valueName":"search_term_string"}}],"inLanguage":"es"},{"@type":"Organization","@id":"https:\/\/cristinapg.es\/#organization","name":"C\u00edrculos Jos\u00e9 Antonio, la falange disidente","url":"https:\/\/cristinapg.es\/","logo":{"@type":"ImageObject","inLanguage":"es","@id":"https:\/\/cristinapg.es\/#\/schema\/logo\/image\/","url":"https:\/\/cristinapg.es\/wp-content\/uploads\/2024\/07\/LOGO.webp","contentUrl":"https:\/\/cristinapg.es\/wp-content\/uploads\/2024\/07\/LOGO.webp","width":180,"height":256,"caption":"C\u00edrculos Jos\u00e9 Antonio, la falange disidente"},"image":{"@id":"https:\/\/cristinapg.es\/#\/schema\/logo\/image\/"}}]}},"_links":{"self":[{"href":"https:\/\/cristinapg.es\/index.php\/wp-json\/wp\/v2\/pages\/160","targetHints":{"allow":["GET"]}}],"collection":[{"href":"https:\/\/cristinapg.es\/index.php\/wp-json\/wp\/v2\/pages"}],"about":[{"href":"https:\/\/cristinapg.es\/index.php\/wp-json\/wp\/v2\/types\/page"}],"author":[{"embeddable":true,"href":"https:\/\/cristinapg.es\/index.php\/wp-json\/wp\/v2\/users\/1"}],"replies":[{"embeddable":true,"href":"https:\/\/cristinapg.es\/index.php\/wp-json\/wp\/v2\/comments?post=160"}],"version-history":[{"count":13,"href":"https:\/\/cristinapg.es\/index.php\/wp-json\/wp\/v2\/pages\/160\/revisions"}],"predecessor-version":[{"id":352,"href":"https:\/\/cristinapg.es\/index.php\/wp-json\/wp\/v2\/pages\/160\/revisions\/352"}],"wp:attachment":[{"href":"https:\/\/cristinapg.es\/index.php\/wp-json\/wp\/v2\/media?parent=160"}],"curies":[{"name":"wp","href":"https:\/\/api.w.org\/{rel}","templated":true}]}}