{"id":597,"date":"2024-07-13T00:02:17","date_gmt":"2024-07-13T00:02:17","guid":{"rendered":"https:\/\/cristinapg.es\/?page_id=597"},"modified":"2024-07-13T00:06:10","modified_gmt":"2024-07-13T00:06:10","slug":"discurso-de-alfonso-gonzalez-martinez","status":"publish","type":"page","link":"https:\/\/cristinapg.es\/index.php\/presentacion\/discursos\/discurso-de-alfonso-gonzalez-martinez\/","title":{"rendered":"Discurso de Alfonso Gonz\u00e1lez Mart\u00ednez"},"content":{"rendered":"\t\t<div data-elementor-type=\"wp-page\" data-elementor-id=\"597\" class=\"elementor elementor-597\" data-elementor-post-type=\"page\">\n\t\t\t\t<div class=\"elementor-element elementor-element-4f6b5fe e-flex e-con-boxed e-con e-parent\" data-id=\"4f6b5fe\" data-element_type=\"container\">\n\t\t\t\t\t<div class=\"e-con-inner\">\n\t\t\t\t<div class=\"elementor-element elementor-element-41f6e7a elementor-widget elementor-widget-text-editor\" data-id=\"41f6e7a\" data-element_type=\"widget\" data-widget_type=\"text-editor.default\">\n\t\t\t\t<div class=\"elementor-widget-container\">\n\t\t\t\t\t\t\t<h5><strong><u>Discurso de Alfonso Gonz\u00e1lez Mart\u00ednez en la presentaci\u00f3n del libro \u201c C\u00edrculos Jos\u00e9 Antonio , la falange disidente\u201d de Cristina P\u00e9rez Gonz\u00e1lez en Madrid 15 de junio de 2024<\/u><\/strong><\/h5><p>\u00a0<\/p><p>Apreciados conciudadanos y estimados camaradas, me corresponde hacer un breve repaso sobre el origen y actividad de los C\u00edrculos Jos\u00e9 Antonio a los que pertenec\u00ed en un periodo de mi quehacer pol\u00edtico.<\/p><p>En el falangismo, desde el Decreto de Unificaci\u00f3n hasta la Transici\u00f3n democr\u00e1tica, siempre han existido grupos que se sent\u00edan incomodos con el franquismo o que se opon\u00edan al mismo y es en este ambiente donde se gestan y hacen su aparici\u00f3n los C\u00edrculos Jos\u00e9 Antonio.<\/p><p>En la Secci\u00f3n Femenina de FET de las JONS, que dirig\u00eda Pilar Primo de Rivera, patrocinado por la misma y por su hermano Miguel, se dio un lugar de encuentro conocido como EL CIRCULO MEDINA, es aqu\u00ed donde se tuvieron las reuniones de esos camaradas inconformistas, con la pretensi\u00f3n de crear una asociaci\u00f3n que tuviera por finalidad <em>&lt;&lt;el estudio, desarrollo y difusi\u00f3n del ideario de Jos\u00e9 Antonio Primo de Rivera &gt;&gt;.<\/em><\/p><p><em>\u00a0<\/em>Estas reuniones suceden a finales del a\u00f1o 59 del pasado siglo. El objetivo de las mismas era crear una asociaci\u00f3n pol\u00edtica, lo que fue desestimado por temor a que el R\u00e9gimen lo considerara una amenaza, siendo Jes\u00fas Fueyo el que dio el paso atr\u00e1s, por lo que se constituy\u00f3 como asociaci\u00f3n cultural.\u00a0 A estas reuniones acud\u00edan tambi\u00e9n Lula de Lara, Parusa Nieto Garc\u00eda, Maruja Cuervo, Viki Eiroa, Carmen Isasi, Patricia Gonz\u00e1lez de Canales, Juli\u00e1n Pemart\u00edn, Antonio Castro Villaca\u00f1as, Jos\u00e9 G\u00e1rate, Carlos Juan Ruiz de la Fuente, Diego M\u00e1rquez Horrillo y Miguel Primo de Rivera y Urquijo sobrino de Jos\u00e9 Antonio, por citar a los m\u00e1s conocidos.<\/p><p>La popularidad del falangismo, tan exorbitante durante y despu\u00e9s de la Guerra Civil, hab\u00eda deca\u00eddo mucho, por aquel entonces corr\u00eda un chascarrillo sobre en lo que se parec\u00eda la Falange a los Almacenes SEPU de Madrid, pues en que se entraba por Jos\u00e9 Antonio y se sal\u00eda por Desenga\u00f1o, calles en la que dicho almac\u00e9n se situaba. Ciertamente \u201cuna cosa era predicar y otra dar trigo\u201d.<\/p><p>La \u00e9poca en la que aparecen los C\u00edrculos Jos\u00e9 Antonio coincide con la aparici\u00f3n de los miembros del OPUS DEI en el gobierno de la naci\u00f3n, donde acaparan el poder en Espa\u00f1a, dando comienzo a lo que ser\u00e1 conocido por el &lt;&lt;desarrollismo&gt;&gt;. Ya se hab\u00eda dado el suceso del Monasterio del Escorial, un veinte de noviembre, en el que una centuria de falangistas dio la espalda a Franco.<\/p><p>En el primer quinquenio de los a\u00f1os sesenta del pasado siglo, en el falangismo de oposici\u00f3n o a extramuros del sistema es necesario citar &lt;&lt;<em>las tertulias de la Ballena Alegre en el Caf\u00e9 Lyon de Madrid<\/em>&gt;&gt; patrocinadas fundamentalmente por Ceferino Maest\u00fa Barrios y que dar\u00e1n origen al Frente e Estudiante (FES) y m\u00e1s tarde al Frente Sindicalista Revolucionario (FSR). Es en estos a\u00f1os cuando, debido a las discusiones por el convenio laboral de los metal\u00fargicos de Madrid, aparece \u201cla Comisi\u00f3n de los Mi\u00e9rcoles o de los Trece\u201d en la que participan falangistas, entre \u00e9stos los hermanos Reboul Estecha, de la cual derivara m\u00e1s tarde la aparici\u00f3n de Comisiones Obreras.<\/p><p>Los objetivos principales de los camaradas que constituyen el Circulo Jos\u00e9 Antonio ser\u00e1n en primer lugar diferenciar la Falange del Movimiento Nacional, para, a continuaci\u00f3n, desarrollar el pensamiento nacionalsindicalista y por \u00faltimo crear un foco de uni\u00f3n de los falangistas aut\u00e9nticos.<\/p><p>Tras la creaci\u00f3n del C\u00edrculo de Madrid ir\u00e1n apareciendo otros en las ciudades de Jerez de la Frontera, Sevilla y Barcelona. Los afiliados a Los C\u00edrculos se multiplicaron y como tambi\u00e9n lo hicieron los propios C\u00edrculos, as\u00ed en el a\u00f1o 1962 ya eran m\u00e1s de veinte.<\/p><p>En Madrid se eligi\u00f3 presidente del C\u00edrculo a Juli\u00e1n Pemart\u00edn, que estuvo poco tiempo por motivos de salud, al que sucedi\u00f3 Luis Gonz\u00e1lez Vicen, siendo vicepresidente Patricio Gonz\u00e1lez de Canales y vocal Maruja Cuervo, Enrique Villoria ser\u00eda el secretario.<\/p><p>Se cre\u00f3 un debate, con el nombre de \u201c<em>Tribuna Libre<\/em>\u201d, en la que desarrollaron sus conferencias Adolfo Mu\u00f1oz Alonso, Ceferino Maest\u00fa, Cantarero del Castillo y Juan Velarde Fuertes entre otros; en general la tem\u00e1tica de las mismas caus\u00f3 malestar en algunos miembros del Gobierno de la Naci\u00f3n. Tuvieron lugar varias las \u201cllamadas cenas de camarader\u00eda\u201d en las que se citaba el falangismo disidente. Se public\u00f3 un peri\u00f3dico sindicalista,\u00a0 con el nombre de \u201cES ASI\u201d, \u00a0que no tardar\u00eda en ser prohibido por el R\u00e9gimen. Por \u00faltimo la carta de Gonz\u00e1lez Vicen al Ministro Secretario General del Movimiento, provoco la dimisi\u00f3n del mismo en 1964, tras lo cual, afiliados de renombre desaparecieron de la escena.<\/p><p>El Circulo de Madrid no tuvo un nuevo presidente hasta 1966 en que se eligi\u00f3 a Diego M\u00e1rquez Horrillo, el cual lo reorganiz\u00f3, creando las secciones laboral, juvenil y universitaria. Una nueva carta en la que se criticaba la tecnocracia, la situaci\u00f3n del mundo laboral y la Ley Org\u00e1nica del Estado provoc\u00f3 el cierre temporal del C\u00edrculo de Madrid por la Jefatura Provincial del Movimiento.<\/p><p>En el mes de abril de 1968, con motivo de la resoluci\u00f3n del Tribunal de Orden P\u00fablico, por el que se abstuvo sobre la legalidad de la Comuni\u00f3n Tradicionalista y bas\u00e1ndose en la misma, los C\u00edrculos Jos\u00e9 Antonio, junto con otras organizaciones falangistas, deciden ir a la reorganizaci\u00f3n de FE de Las JONS al margen del Movimiento, lo cual se declara en una carta a los camaradas de 4 de abril de 1968.<\/p><p>Coincidiendo con estas fechas, mi amigo Jos\u00e9 Mar\u00eda G\u00f3mez Benito, socio del C\u00edrculo de Madrid y dirigente del Centro de Formaci\u00f3n de Mandos del Frente de Juventudes de la provincia de Madrid, se dirige su Cuadro de Mandos para proponer la adhesi\u00f3n de esta agrupaci\u00f3n juvenil a las Juntas Promotoras de FE de las JONS, dicho sea de paso, vino a \u201cllover sobre mojado\u201d, es el motivo por el que entro en contacto con los C\u00edrculos Jos\u00e9 Antonio. Seg\u00fan los Estatutos de la OJE, cuando un miembro de la organizaci\u00f3n juvenil sobrepasara los 17 a\u00f1os, deb\u00eda incorporarse como Militante del Movimiento. Todo el Cuadro de Mandos super\u00e1bamos los 17 a\u00f1os de edad y nos negamos taxativamente a integrarnos en el Movimiento, pues asum\u00edamos la consigna de \u201cFalange S\u00ed, Movimiento No\u201d.<\/p><p>As\u00ed pues, pas\u00e9 por la sede de Ferraz 80 y firm\u00e9 el acto de adhesi\u00f3n a la &lt;&lt;Junta Promotora Provincial de FE de las JONS&gt;&gt;, comenzando de este modo mi actividad pol\u00edtica.<\/p><p>Los a\u00f1os 1968, 1969 y 1970 la actividad primordial de los C\u00edrculos Jos\u00e9 Antonio fueron las Juntas Promotoras de FE de las JONS, utilizando todos los medios que estaban a su alcance. En una reuni\u00f3n de la llamada Junta Promotora Nacional, celebrada en la ciudad de Ibi los d\u00edas 30 y 31 de mayo de 1970, se decidi\u00f3 la convocatoria de una concentraci\u00f3n falangista al margen del Movimiento a celebrar en Alicante capital el 22 de noviembre de ese mismo a\u00f1o.<\/p><p>\u00a0A partir de este momento todo militante activo se dedic\u00f3 a dar a conocer el evento, siendo la consigna a difundir \u201cPASE LO QUE PASE Y PESE A QUIEN PESE EL 22 DE NOVIEMBRE JOSE ANTONIO TE CONVOCA EN ALICANTE\u201d.<\/p><p>El camarada Jos\u00e9 Mar\u00eda G\u00f3mez Benito realizo un cartel que se difundi\u00f3 por toda Espa\u00f1a. En estas fechas era Ministro Secretario General del Movimiento Torcuato Fern\u00e1ndez Miranda, el cual dio las instrucciones oportunas para que la concentraci\u00f3n falangista no tuviera lugar. Pese al control de los medios de transporte por tierra, mar y aire, nos logramos reunir en Alicante m\u00e1s de tres mil camaradas dispuestos a todo por la Falange y su revoluci\u00f3n. Desde el amanecer la ciudad fue tomada por la Polic\u00eda Armada y su Fuerza Antidisturbios hizo su aparici\u00f3n donde se iba a celebrar la reuni\u00f3n acordonando el lugar. Ciertamente todos \u00e9ramos conscientes que si el acto se llevaba a cabo fuese donde fuese habr\u00eda enfrentamiento con la Polic\u00eda que ten\u00eda orden incluso de disparar, a lo que muchos camaradas con tenencia de armas responder\u00edan. Pues bien, nada de eso sucedi\u00f3 dado que Diego M\u00e1rquez y su Junta Nacional asumi\u00f3 la consigna que nos concentr\u00f3 aceptando las \u00f3rdenes gubernativas. La frustraci\u00f3n de los camaradas fue general y se desaprovech\u00f3 la m\u00e1s grande ocasi\u00f3n desde el Decreto de Unificaci\u00f3n para demostrar que una cosa era la Falange y otra el Movimiento Nacional.<\/p><p>\u00bfQu\u00e9 habr\u00eda sucedido si se hubiera intentado la reuni\u00f3n?, pues que la represi\u00f3n gubernamental habr\u00eda sido muy fuerte y ambas partes habr\u00edan contabilizado heridos. El eco de los hechos hubiera sido internacional y el devenir de la Falange indudablemente distinto.<\/p><p>En el a\u00f1o 1971 la Secci\u00f3n Juvenil del C\u00edrculo de Madrid comenz\u00f3 a editar a ciclostil el llamado \u201c<em>Arriba 2\u00aa \u00c9poca<\/em>\u201d del cual se lanzaron cinco n\u00fameros, haci\u00e9ndose eco el \u201cDiario Pueblo\u201d, teniendo una buena acogida entre los camaradas. En agosto de ese este a\u00f1o, se llev\u00f3 a cabo una reuni\u00f3n en el albergue juvenil del Lago de Sanabria, donde tuvo lugar la 1\u00aa reuni\u00f3n de lo que m\u00e1s tarde se llam\u00f3 Juventud Falangista.<\/p><p>El 28 de noviembre de 1971 tuvo lugar la II Concentraci\u00f3n de Falange convocada por las Juntas Promotoras en el Valle de los Ca\u00eddos, pero en esta ocasi\u00f3n el n\u00famero de asistentes fue muy inferior, debido a que la disidencia falangista asumi\u00f3 que el Movimiento Nacional controlaba los C\u00edrculos, por lo que, en general, se abstuvo de acudir a la cita. Las Juntas Promotoras de la Falange entraron en declive y terminar\u00edan por desaparecer.<\/p><p>En el \u00faltimo semestre de 1972 se ten\u00eda previsto celebrar la 2\u00ba reuni\u00f3n del Congreso de Juventud Falangista, en el mismo lugar que la anterior, lo que no pudo ser porque la Secretaria General del Movimiento lo impidi\u00f3. La reuni\u00f3n se llev\u00f3 t\u00e9rmino en el domicilio particular de un camarada, y all\u00ed se inici\u00f3 la elaboraci\u00f3n de los principios ideol\u00f3gicos, se propuso hacer un manifiesto a la juventud y elaborar una revista trimestral.<\/p><p>Con este hecho comienza la disensi\u00f3n con la Junta Directiva de los C\u00edrculos. En abril de este a\u00f1o la Junta Nacional convoca una reuni\u00f3n nacional de juventudes en la ciudad de \u00c1vila, a la que somos invitados la Juventud Falangista, acord\u00e1ndose que ser\u00eda considerada como el tercer Congreso, lo cual es aceptado por todas las partes. Cerrando y acordando las ponencias ya iniciadas.<\/p><p>Tras un enfrentamiento muy serio con Carlos Ruiz Soto, por entonces secretario general de los C\u00edrculos, \u00a0Juventud Falangista sigue su trayectoria independiente, siendo llamada de nuevo para el acto que los C\u00edrculos han convocado el 25 de noviembre en la ciudad de Toledo, en el que hablar\u00eda entre otros Manuel Vald\u00e9s Larra\u00f1aga, el cual, en su discurso hizo tal loa a favor del Movimiento Nacional, que el acto termine en un importante enfrentamiento entre los asistentes, lo que supuso la posterior clausura de los C\u00edrculos por parte de la Secretar\u00eda Nacional del Movimiento.<\/p><p>En la \u00e9poca de la transici\u00f3n los C\u00edrculos Jos\u00e9 Antonio es uno de los cuatro grupos azules que aspiran al nombre original de FE de las JONS, pero el \u00faltimo Secretario General del Movimiento, en ese momento Presidente del Gobierno de la naci\u00f3n, Adolfo Su\u00e1rez, decide regal\u00e1rsela a su camarada Raimundo Fern\u00e1ndez Cuesta, culminando con este acto, cualquier posibilidad de obtener una Falange revolucionaria. En el mes de abril de 1979, C\u00edrculos Jos\u00e9 Antonio terminar\u00eda por integrarse en FE de las JONS del se\u00f1or Fern\u00e1ndez Cuesta.<\/p><p>Quiero terminar con un poema de los camaradas Gabriel Valeriola Lucas y Jos\u00e9 Mar\u00eda G\u00f3mez Benito:<\/p><p>COMPA\u00d1EROS SEGADORES ENDEREZAD LAS ESPALDAS,<\/p><p>HOY SE MUEREN LAS ESPIGAS SIN VOSOTROS CERCENAZLAS,<\/p><p>EN SILENCIO CONTEMPLAZLAS.<\/p><p>HOY DESPACIO LOS PASTORES SE\u00d1ORES DE LAS CA\u00d1ADAS,<\/p><p>HACEN ALTO EN EL CAMINO Y MUSITAN SUS PLEGARIAS.<\/p><p>Y LOS MINEROS ALTIVOS SALDRAN DE LA BOCAMINA<\/p><p>CON LA FRENTE ENCARBONADA.<\/p><p>LOS PESCADORES DE LA MAR, LOS HOMBRES LIBRES A ULTRANZA<\/p><p>REGRESARAN SINTARDANZA.<\/p><p>MATARON A JOSE ANTONIO Y NUESTRO ALMA SE ANONADA,<\/p><p>DE LA VICTINA INOCENTE JOSEANTIONA,<\/p><p>EL GOBIERNO QUE NOS EXPLOTA HA QUERIDO HACER CARNAZA.<\/p><p>NO IMPORTA, PORQUE SUS HUESOS DESNUDOS<\/p><p>NOS LLAMAN A LA BATALLA.<\/p><p>CANTEN CANTILES BRAVIOS.<\/p><p>CANTE LA MAR OCEANA,<\/p><p>CANTEN MONTA\u00d1AS Y VALLES,<\/p><p>CANTE LA TIERRA CASTELLANA,<\/p><p>PORQUE VUELVA A CANTAR ESPA\u00d1A.<\/p><p><strong>Muchas gracias por vuestra atenci\u00f3n.<\/strong><\/p>\t\t\t\t\t\t<\/div>\n\t\t\t\t<\/div>\n\t\t\t\t\t<\/div>\n\t\t\t\t<\/div>\n\t\t\t\t<\/div>\n\t\t","protected":false},"excerpt":{"rendered":"<p>Discurso de Alfonso Gonz\u00e1lez Mart\u00ednez en la presentaci\u00f3n del libro \u201c C\u00edrculos Jos\u00e9 Antonio , la falange disidente\u201d de Cristina [&hellip;]<\/p>\n","protected":false},"author":1,"featured_media":0,"parent":317,"menu_order":0,"comment_status":"closed","ping_status":"closed","template":"","meta":{"site-sidebar-layout":"no-sidebar","site-content-layout":"","ast-site-content-layout":"full-width-container","site-content-style":"default","site-sidebar-style":"default","ast-global-header-display":"","ast-banner-title-visibility":"","ast-main-header-display":"","ast-hfb-above-header-display":"","ast-hfb-below-header-display":"","ast-hfb-mobile-header-display":"","site-post-title":"disabled","ast-breadcrumbs-content":"","ast-featured-img":"disabled","footer-sml-layout":"","theme-transparent-header-meta":"","adv-header-id-meta":"","stick-header-meta":"","header-above-stick-meta":"","header-main-stick-meta":"","header-below-stick-meta":"","astra-migrate-meta-layouts":"default","ast-page-background-enabled":"default","ast-page-background-meta":{"desktop":{"background-color":"var(--ast-global-color-4)","background-image":"","background-repeat":"repeat","background-position":"center center","background-size":"auto","background-attachment":"scroll","background-type":"","background-media":"","overlay-type":"","overlay-color":"","overlay-opacity":"","overlay-gradient":""},"tablet":{"background-color":"","background-image":"","background-repeat":"repeat","background-position":"center center","background-size":"auto","background-attachment":"scroll","background-type":"","background-media":"","overlay-type":"","overlay-color":"","overlay-opacity":"","overlay-gradient":""},"mobile":{"background-color":"","background-image":"","background-repeat":"repeat","background-position":"center center","background-size":"auto","background-attachment":"scroll","background-type":"","background-media":"","overlay-type":"","overlay-color":"","overlay-opacity":"","overlay-gradient":""}},"ast-content-background-meta":{"desktop":{"background-color":"var(--ast-global-color-5)","background-image":"","background-repeat":"repeat","background-position":"center center","background-size":"auto","background-attachment":"scroll","background-type":"","background-media":"","overlay-type":"","overlay-color":"","overlay-opacity":"","overlay-gradient":""},"tablet":{"background-color":"var(--ast-global-color-5)","background-image":"","background-repeat":"repeat","background-position":"center center","background-size":"auto","background-attachment":"scroll","background-type":"","background-media":"","overlay-type":"","overlay-color":"","overlay-opacity":"","overlay-gradient":""},"mobile":{"background-color":"var(--ast-global-color-5)","background-image":"","background-repeat":"repeat","background-position":"center center","background-size":"auto","background-attachment":"scroll","background-type":"","background-media":"","overlay-type":"","overlay-color":"","overlay-opacity":"","overlay-gradient":""}},"footnotes":""},"class_list":["post-597","page","type-page","status-publish","hentry"],"yoast_head":"<!-- This site is optimized with the Yoast SEO plugin v23.6 - https:\/\/yoast.com\/wordpress\/plugins\/seo\/ -->\n<title>Discurso de Alfonso Gonz\u00e1lez Mart\u00ednez - C\u00edrculos Jos\u00e9 Antonio, la falange disidente<\/title>\n<meta name=\"robots\" content=\"index, follow, max-snippet:-1, max-image-preview:large, max-video-preview:-1\" \/>\n<link rel=\"canonical\" href=\"https:\/\/cristinapg.es\/index.php\/presentacion\/discursos\/discurso-de-alfonso-gonzalez-martinez\/\" \/>\n<meta property=\"og:locale\" content=\"es_ES\" \/>\n<meta property=\"og:type\" content=\"article\" \/>\n<meta property=\"og:title\" content=\"Discurso de Alfonso Gonz\u00e1lez Mart\u00ednez - C\u00edrculos Jos\u00e9 Antonio, la falange disidente\" \/>\n<meta property=\"og:description\" content=\"Discurso de Alfonso Gonz\u00e1lez Mart\u00ednez en la presentaci\u00f3n del libro \u201c C\u00edrculos Jos\u00e9 Antonio , la falange disidente\u201d de Cristina [&hellip;]\" \/>\n<meta property=\"og:url\" content=\"https:\/\/cristinapg.es\/index.php\/presentacion\/discursos\/discurso-de-alfonso-gonzalez-martinez\/\" \/>\n<meta property=\"og:site_name\" content=\"C\u00edrculos Jos\u00e9 Antonio, la falange disidente\" \/>\n<meta property=\"article:modified_time\" content=\"2024-07-13T00:06:10+00:00\" \/>\n<meta name=\"twitter:card\" content=\"summary_large_image\" \/>\n<meta name=\"twitter:label1\" content=\"Tiempo de lectura\" \/>\n\t<meta name=\"twitter:data1\" content=\"10 minutos\" \/>\n<script type=\"application\/ld+json\" class=\"yoast-schema-graph\">{\"@context\":\"https:\/\/schema.org\",\"@graph\":[{\"@type\":\"WebPage\",\"@id\":\"https:\/\/cristinapg.es\/index.php\/presentacion\/discursos\/discurso-de-alfonso-gonzalez-martinez\/\",\"url\":\"https:\/\/cristinapg.es\/index.php\/presentacion\/discursos\/discurso-de-alfonso-gonzalez-martinez\/\",\"name\":\"Discurso de Alfonso Gonz\u00e1lez Mart\u00ednez - C\u00edrculos Jos\u00e9 Antonio, la falange disidente\",\"isPartOf\":{\"@id\":\"https:\/\/cristinapg.es\/#website\"},\"datePublished\":\"2024-07-13T00:02:17+00:00\",\"dateModified\":\"2024-07-13T00:06:10+00:00\",\"breadcrumb\":{\"@id\":\"https:\/\/cristinapg.es\/index.php\/presentacion\/discursos\/discurso-de-alfonso-gonzalez-martinez\/#breadcrumb\"},\"inLanguage\":\"es\",\"potentialAction\":[{\"@type\":\"ReadAction\",\"target\":[\"https:\/\/cristinapg.es\/index.php\/presentacion\/discursos\/discurso-de-alfonso-gonzalez-martinez\/\"]}]},{\"@type\":\"BreadcrumbList\",\"@id\":\"https:\/\/cristinapg.es\/index.php\/presentacion\/discursos\/discurso-de-alfonso-gonzalez-martinez\/#breadcrumb\",\"itemListElement\":[{\"@type\":\"ListItem\",\"position\":1,\"name\":\"Portada\",\"item\":\"https:\/\/cristinapg.es\/\"},{\"@type\":\"ListItem\",\"position\":2,\"name\":\"Presentaci\u00f3n\",\"item\":\"https:\/\/cristinapg.es\/index.php\/presentacion\/\"},{\"@type\":\"ListItem\",\"position\":3,\"name\":\"Discursos\",\"item\":\"https:\/\/cristinapg.es\/index.php\/presentacion\/discursos\/\"},{\"@type\":\"ListItem\",\"position\":4,\"name\":\"Discurso de Alfonso Gonz\u00e1lez Mart\u00ednez\"}]},{\"@type\":\"WebSite\",\"@id\":\"https:\/\/cristinapg.es\/#website\",\"url\":\"https:\/\/cristinapg.es\/\",\"name\":\"C\u00edrculos Jos\u00e9 Antonio, la falange disidente\",\"description\":\"C\u00edrculos Jos\u00e9 Antonio, la falange disidente\",\"publisher\":{\"@id\":\"https:\/\/cristinapg.es\/#organization\"},\"potentialAction\":[{\"@type\":\"SearchAction\",\"target\":{\"@type\":\"EntryPoint\",\"urlTemplate\":\"https:\/\/cristinapg.es\/?s={search_term_string}\"},\"query-input\":{\"@type\":\"PropertyValueSpecification\",\"valueRequired\":true,\"valueName\":\"search_term_string\"}}],\"inLanguage\":\"es\"},{\"@type\":\"Organization\",\"@id\":\"https:\/\/cristinapg.es\/#organization\",\"name\":\"C\u00edrculos Jos\u00e9 Antonio, la falange disidente\",\"url\":\"https:\/\/cristinapg.es\/\",\"logo\":{\"@type\":\"ImageObject\",\"inLanguage\":\"es\",\"@id\":\"https:\/\/cristinapg.es\/#\/schema\/logo\/image\/\",\"url\":\"https:\/\/cristinapg.es\/wp-content\/uploads\/2024\/07\/LOGO.webp\",\"contentUrl\":\"https:\/\/cristinapg.es\/wp-content\/uploads\/2024\/07\/LOGO.webp\",\"width\":180,\"height\":256,\"caption\":\"C\u00edrculos Jos\u00e9 Antonio, la falange disidente\"},\"image\":{\"@id\":\"https:\/\/cristinapg.es\/#\/schema\/logo\/image\/\"}}]}<\/script>\n<!-- \/ Yoast SEO plugin. -->","yoast_head_json":{"title":"Discurso de Alfonso Gonz\u00e1lez Mart\u00ednez - C\u00edrculos Jos\u00e9 Antonio, la falange disidente","robots":{"index":"index","follow":"follow","max-snippet":"max-snippet:-1","max-image-preview":"max-image-preview:large","max-video-preview":"max-video-preview:-1"},"canonical":"https:\/\/cristinapg.es\/index.php\/presentacion\/discursos\/discurso-de-alfonso-gonzalez-martinez\/","og_locale":"es_ES","og_type":"article","og_title":"Discurso de Alfonso Gonz\u00e1lez Mart\u00ednez - C\u00edrculos Jos\u00e9 Antonio, la falange disidente","og_description":"Discurso de Alfonso Gonz\u00e1lez Mart\u00ednez en la presentaci\u00f3n del libro \u201c C\u00edrculos Jos\u00e9 Antonio , la falange disidente\u201d de Cristina [&hellip;]","og_url":"https:\/\/cristinapg.es\/index.php\/presentacion\/discursos\/discurso-de-alfonso-gonzalez-martinez\/","og_site_name":"C\u00edrculos Jos\u00e9 Antonio, la falange disidente","article_modified_time":"2024-07-13T00:06:10+00:00","twitter_card":"summary_large_image","twitter_misc":{"Tiempo de lectura":"10 minutos"},"schema":{"@context":"https:\/\/schema.org","@graph":[{"@type":"WebPage","@id":"https:\/\/cristinapg.es\/index.php\/presentacion\/discursos\/discurso-de-alfonso-gonzalez-martinez\/","url":"https:\/\/cristinapg.es\/index.php\/presentacion\/discursos\/discurso-de-alfonso-gonzalez-martinez\/","name":"Discurso de Alfonso Gonz\u00e1lez Mart\u00ednez - C\u00edrculos Jos\u00e9 Antonio, la falange disidente","isPartOf":{"@id":"https:\/\/cristinapg.es\/#website"},"datePublished":"2024-07-13T00:02:17+00:00","dateModified":"2024-07-13T00:06:10+00:00","breadcrumb":{"@id":"https:\/\/cristinapg.es\/index.php\/presentacion\/discursos\/discurso-de-alfonso-gonzalez-martinez\/#breadcrumb"},"inLanguage":"es","potentialAction":[{"@type":"ReadAction","target":["https:\/\/cristinapg.es\/index.php\/presentacion\/discursos\/discurso-de-alfonso-gonzalez-martinez\/"]}]},{"@type":"BreadcrumbList","@id":"https:\/\/cristinapg.es\/index.php\/presentacion\/discursos\/discurso-de-alfonso-gonzalez-martinez\/#breadcrumb","itemListElement":[{"@type":"ListItem","position":1,"name":"Portada","item":"https:\/\/cristinapg.es\/"},{"@type":"ListItem","position":2,"name":"Presentaci\u00f3n","item":"https:\/\/cristinapg.es\/index.php\/presentacion\/"},{"@type":"ListItem","position":3,"name":"Discursos","item":"https:\/\/cristinapg.es\/index.php\/presentacion\/discursos\/"},{"@type":"ListItem","position":4,"name":"Discurso de Alfonso Gonz\u00e1lez Mart\u00ednez"}]},{"@type":"WebSite","@id":"https:\/\/cristinapg.es\/#website","url":"https:\/\/cristinapg.es\/","name":"C\u00edrculos Jos\u00e9 Antonio, la falange disidente","description":"C\u00edrculos Jos\u00e9 Antonio, la falange disidente","publisher":{"@id":"https:\/\/cristinapg.es\/#organization"},"potentialAction":[{"@type":"SearchAction","target":{"@type":"EntryPoint","urlTemplate":"https:\/\/cristinapg.es\/?s={search_term_string}"},"query-input":{"@type":"PropertyValueSpecification","valueRequired":true,"valueName":"search_term_string"}}],"inLanguage":"es"},{"@type":"Organization","@id":"https:\/\/cristinapg.es\/#organization","name":"C\u00edrculos Jos\u00e9 Antonio, la falange disidente","url":"https:\/\/cristinapg.es\/","logo":{"@type":"ImageObject","inLanguage":"es","@id":"https:\/\/cristinapg.es\/#\/schema\/logo\/image\/","url":"https:\/\/cristinapg.es\/wp-content\/uploads\/2024\/07\/LOGO.webp","contentUrl":"https:\/\/cristinapg.es\/wp-content\/uploads\/2024\/07\/LOGO.webp","width":180,"height":256,"caption":"C\u00edrculos Jos\u00e9 Antonio, la falange disidente"},"image":{"@id":"https:\/\/cristinapg.es\/#\/schema\/logo\/image\/"}}]}},"_links":{"self":[{"href":"https:\/\/cristinapg.es\/index.php\/wp-json\/wp\/v2\/pages\/597","targetHints":{"allow":["GET"]}}],"collection":[{"href":"https:\/\/cristinapg.es\/index.php\/wp-json\/wp\/v2\/pages"}],"about":[{"href":"https:\/\/cristinapg.es\/index.php\/wp-json\/wp\/v2\/types\/page"}],"author":[{"embeddable":true,"href":"https:\/\/cristinapg.es\/index.php\/wp-json\/wp\/v2\/users\/1"}],"replies":[{"embeddable":true,"href":"https:\/\/cristinapg.es\/index.php\/wp-json\/wp\/v2\/comments?post=597"}],"version-history":[{"count":4,"href":"https:\/\/cristinapg.es\/index.php\/wp-json\/wp\/v2\/pages\/597\/revisions"}],"predecessor-version":[{"id":601,"href":"https:\/\/cristinapg.es\/index.php\/wp-json\/wp\/v2\/pages\/597\/revisions\/601"}],"up":[{"embeddable":true,"href":"https:\/\/cristinapg.es\/index.php\/wp-json\/wp\/v2\/pages\/317"}],"wp:attachment":[{"href":"https:\/\/cristinapg.es\/index.php\/wp-json\/wp\/v2\/media?parent=597"}],"curies":[{"name":"wp","href":"https:\/\/api.w.org\/{rel}","templated":true}]}}