{"id":95,"date":"2024-07-04T21:20:55","date_gmt":"2024-07-04T21:20:55","guid":{"rendered":"https:\/\/cristinapg.es\/?page_id=95"},"modified":"2024-07-07T22:47:07","modified_gmt":"2024-07-07T22:47:07","slug":"circulos-jose-antonio-la-falange-disidente","status":"publish","type":"page","link":"https:\/\/cristinapg.es\/","title":{"rendered":"C\u00edrculos Jos\u00e9 Antonio"},"content":{"rendered":"\t\t<div data-elementor-type=\"wp-page\" data-elementor-id=\"95\" class=\"elementor elementor-95\" data-elementor-post-type=\"page\">\n\t\t\t\t<div class=\"elementor-element elementor-element-5bcebc7 e-flex e-con-boxed e-con e-parent\" data-id=\"5bcebc7\" data-element_type=\"container\">\n\t\t\t\t\t<div class=\"e-con-inner\">\n\t\t\t\t<div class=\"elementor-element elementor-element-362b578 elementor-widget elementor-widget-heading\" data-id=\"362b578\" data-element_type=\"widget\" data-widget_type=\"heading.default\">\n\t\t\t\t<div class=\"elementor-widget-container\">\n\t\t\t<h2 class=\"elementor-heading-title elementor-size-default\">C\u00edrculos Jos\u00e9 Antonio<\/h2>\t\t<\/div>\n\t\t\t\t<\/div>\n\t\t\t\t<div class=\"elementor-element elementor-element-62eb393 elementor-drop-cap-yes elementor-drop-cap-view-default elementor-widget elementor-widget-text-editor\" data-id=\"62eb393\" data-element_type=\"widget\" data-settings=\"{&quot;drop_cap&quot;:&quot;yes&quot;}\" data-widget_type=\"text-editor.default\">\n\t\t\t\t<div class=\"elementor-widget-container\">\n\t\t\t\t\t\t\t<h2>C\u00edrculos Jos\u00e9 Antonio, la falange disidente<\/h2><p><strong>Introducci\u00f3n del libro: \u00bb C\u00edrculos Jos\u00e9 Antonio, la falange disidente\u00bb.<\/strong><\/p><p><strong>Falange muri\u00f3 asesinada el 20 de noviembre de 1936<\/strong>. Fue ilegalizada el 19 de abril de 1937 mediante el\u00a0<em>Decreto de Unificaci\u00f3n<\/em>. A partir de entonces s\u00f3lo podemos hablar de organizaciones falangistas que, con mayor o menor acierto, lucharon por rescatar del olvido y la manipulaci\u00f3n la esencia del mensaje de Jos\u00e9 Antonio Primo de Rivera.<\/p><h5><strong>C\u00edrculos Jos\u00e9 Antonio fue realmente la Falange disidente<\/strong>. Desde su creaci\u00f3n en los a\u00f1os 60, un grupo de espa\u00f1oles pretendieron utilizar los cauces legales existentes en aquel momento, para que la idea revolucionaria que naci\u00f3 con Ramiro y con Jos\u00e9 Antonio, se mantuviera viva a pesar del ostracismo al que le hab\u00eda condenado el Movimiento.<\/h5><p>Con esta obra,\u00a0<strong><em>C\u00edrculos Jos\u00e9 Antonio, la Falange disidente<\/em><\/strong>, su autora,\u00a0<a href=\"https:\/\/edicionesfides.es\/shop-2\/brand\/cristina-perez-gonzalez\/\" target=\"_blank\" rel=\"noopener\"><strong>Cristina P\u00e9rez Gonz\u00e1lez<\/strong><\/a>, contin\u00faa en su empe\u00f1o de descubrir la realidad de los grupos falangistas de oposici\u00f3n al R\u00e9gimen. Ensalzando la labor de aquellos hombres y mujeres que ofrecieron parte de sus vidas en explicar al pueblo espa\u00f1ol lo que era realmente la Falange.<\/p><p><strong>En su permanente investigaci\u00f3n<\/strong>, la autora se consagra como una de las mejores conocedoras del denominado \u201cmundo azul\u201d, ajust\u00e1ndose a los datos y documentos que son irrefutables, pretendiendo con ello narrar la realidad sin tergiversar y sin polemizar sobre los hechos.<\/p><p><strong>Este libro es la historia de una organizaci\u00f3n<\/strong>, pero tambi\u00e9n el homenaje a los miles de personas protagonistas de aquella \u00e9poca, con la esperanza que pueda servir para rescatar las bases de la\u00a0<em>Revoluci\u00f3n Nacionalsindicalista<\/em>\u00a0y mantener encendida la llama permanente de los valores fundamentales:\u00a0<em>Libertad, Dignidad<\/em>\u00a0y\u00a0<em>Justicia Social<\/em>.<\/p><hr \/><p>Cualquier aportaci\u00f3n o sugerencia puede hacerse a trav\u00e9s del correo electr\u00f3nico:\u00a0<a href=\"mailto:circulosjoseantonio@gmail.com\">circulosjoseantonio@gmail.com<\/a>\u00a0o con nuestro<a href=\"https:\/\/cristinapg.es\/index.php\/contacto\/\" target=\"_blank\" rel=\"noopener\"> formulario de contacto<\/a><\/p>\t\t\t\t\t\t<\/div>\n\t\t\t\t<\/div>\n\t\t\t\t\t<\/div>\n\t\t\t\t<\/div>\n\t\t<div class=\"elementor-element elementor-element-91f189f e-flex e-con-boxed e-con e-parent\" data-id=\"91f189f\" data-element_type=\"container\">\n\t\t\t\t\t<div class=\"e-con-inner\">\n\t\t\t\t<div class=\"elementor-element elementor-element-bd274a9 elementor-widget elementor-widget-spacer\" data-id=\"bd274a9\" data-element_type=\"widget\" data-widget_type=\"spacer.default\">\n\t\t\t\t<div class=\"elementor-widget-container\">\n\t\t\t\t\t<div class=\"elementor-spacer\">\n\t\t\t<div class=\"elementor-spacer-inner\"><\/div>\n\t\t<\/div>\n\t\t\t\t<\/div>\n\t\t\t\t<\/div>\n\t\t\t\t\t<\/div>\n\t\t\t\t<\/div>\n\t\t<div class=\"elementor-element elementor-element-f94d526 e-flex e-con-boxed e-con e-parent\" data-id=\"f94d526\" data-element_type=\"container\">\n\t\t\t\t\t<div class=\"e-con-inner\">\n\t\t\t\t<div class=\"elementor-element elementor-element-f915ab3 elementor-widget elementor-widget-image\" data-id=\"f915ab3\" data-element_type=\"widget\" data-widget_type=\"image.default\">\n\t\t\t\t<div class=\"elementor-widget-container\">\n\t\t\t\t\t\t\t\t\t\t\t\t\t<img fetchpriority=\"high\" decoding=\"async\" width=\"768\" height=\"1024\" src=\"https:\/\/cristinapg.es\/wp-content\/uploads\/2024\/07\/IMG-20240612-WA0009-768x1024.jpg\" class=\"attachment-large size-large wp-image-111\" alt=\"C\u00edrculos Jos\u00e9 Antonio, la falange disidente\" srcset=\"https:\/\/cristinapg.es\/wp-content\/uploads\/2024\/07\/IMG-20240612-WA0009-768x1024.jpg 768w, https:\/\/cristinapg.es\/wp-content\/uploads\/2024\/07\/IMG-20240612-WA0009-225x300.jpg 225w, https:\/\/cristinapg.es\/wp-content\/uploads\/2024\/07\/IMG-20240612-WA0009-1152x1536.jpg 1152w, https:\/\/cristinapg.es\/wp-content\/uploads\/2024\/07\/IMG-20240612-WA0009.jpg 1500w\" sizes=\"(max-width: 768px) 100vw, 768px\" \/>\t\t\t\t\t\t\t\t\t\t\t\t\t<\/div>\n\t\t\t\t<\/div>\n\t\t\t\t\t<\/div>\n\t\t\t\t<\/div>\n\t\t<div class=\"elementor-element elementor-element-da64551 e-flex e-con-boxed e-con e-parent\" data-id=\"da64551\" data-element_type=\"container\">\n\t\t\t\t\t<div class=\"e-con-inner\">\n\t\t\t\t<div class=\"elementor-element elementor-element-9fc0d8f elementor-skin-carousel elementor-arrows-yes elementor-pagination-type-bullets elementor-pagination-position-outside elementor-widget elementor-widget-media-carousel\" data-id=\"9fc0d8f\" data-element_type=\"widget\" data-settings=\"{&quot;skin&quot;:&quot;carousel&quot;,&quot;effect&quot;:&quot;slide&quot;,&quot;show_arrows&quot;:&quot;yes&quot;,&quot;pagination&quot;:&quot;bullets&quot;,&quot;speed&quot;:500,&quot;autoplay&quot;:&quot;yes&quot;,&quot;autoplay_speed&quot;:5000,&quot;loop&quot;:&quot;yes&quot;,&quot;pause_on_hover&quot;:&quot;yes&quot;,&quot;pause_on_interaction&quot;:&quot;yes&quot;,&quot;space_between&quot;:{&quot;unit&quot;:&quot;px&quot;,&quot;size&quot;:10,&quot;sizes&quot;:[]},&quot;space_between_tablet&quot;:{&quot;unit&quot;:&quot;px&quot;,&quot;size&quot;:10,&quot;sizes&quot;:[]},&quot;space_between_mobile&quot;:{&quot;unit&quot;:&quot;px&quot;,&quot;size&quot;:10,&quot;sizes&quot;:[]}}\" data-widget_type=\"media-carousel.default\">\n\t\t\t\t<div class=\"elementor-widget-container\">\n\t\t\t\t\t<div class=\"elementor-swiper\">\n\t\t\t<div class=\"elementor-main-swiper swiper\">\n\t\t\t\t<div class=\"swiper-wrapper\">\n\t\t\t\t\t\t\t\t\t\t\t<div class=\"swiper-slide\">\n\t\t\t\t\t\t\t\t\t<div class=\"elementor-carousel-image\" role=\"img\" aria-label=\"C\u00edrculos Jos\u00e9 Antonio, la falange disidente\" style=\"background-image: url(&#039;https:\/\/cristinapg.es\/wp-content\/uploads\/2024\/07\/portada-cja.jpg&#039;)\">\n\n\t\t\t\n\t\t\t\t\t<\/div>\n\t\t\t\t\t\t\t\t<\/div>\n\t\t\t\t\t\t\t\t\t\t\t<div class=\"swiper-slide\">\n\t\t\t\t\t\t\t\t\t<div class=\"elementor-carousel-image\" role=\"img\" aria-label=\"C\u00edrculos Jos\u00e9 Antonio, la falange disidente\" style=\"background-image: url(&#039;https:\/\/cristinapg.es\/wp-content\/uploads\/2024\/07\/IMG-20240612-WA0021.jpg&#039;)\">\n\n\t\t\t\n\t\t\t\t\t<\/div>\n\t\t\t\t\t\t\t\t<\/div>\n\t\t\t\t\t\t\t\t\t\t\t<div class=\"swiper-slide\">\n\t\t\t\t\t\t\t\t\t<div class=\"elementor-carousel-image\" role=\"img\" aria-label=\"\" style=\"background-image: url(&#039;https:\/\/cristinapg.es\/wp-content\/uploads\/2024\/07\/IMG-20240612-WA0013-rotated.jpg&#039;)\">\n\n\t\t\t\n\t\t\t\t\t<\/div>\n\t\t\t\t\t\t\t\t<\/div>\n\t\t\t\t\t\t\t\t\t\t\t<div class=\"swiper-slide\">\n\t\t\t\t\t\t\t\t\t<div class=\"elementor-carousel-image\" role=\"img\" aria-label=\"\" style=\"background-image: url(&#039;https:\/\/cristinapg.es\/wp-content\/uploads\/2024\/07\/IMG-20240612-WA0022.jpg&#039;)\">\n\n\t\t\t\n\t\t\t\t\t<\/div>\n\t\t\t\t\t\t\t\t<\/div>\n\t\t\t\t\t\t\t\t\t<\/div>\n\t\t\t\t\t\t\t\t\t\t\t\t\t\t\t<div class=\"swiper-pagination\"><\/div>\n\t\t\t\t\t\t\t\t\t\t\t\t\t\t\t\t<div class=\"elementor-swiper-button elementor-swiper-button-prev\" role=\"button\" tabindex=\"0\">\n\t\t\t\t\t\t\t<svg aria-hidden=\"true\" class=\"e-font-icon-svg e-eicon-chevron-left\" viewBox=\"0 0 1000 1000\" xmlns=\"http:\/\/www.w3.org\/2000\/svg\"><path d=\"M646 125C629 125 613 133 604 142L308 442C296 454 292 471 292 487 292 504 296 521 308 533L604 854C617 867 629 875 646 875 663 875 679 871 692 858 704 846 713 829 713 812 713 796 708 779 692 767L438 487 692 225C700 217 708 204 708 187 708 171 704 154 692 142 675 129 663 125 646 125Z\"><\/path><\/svg>\t\t\t\t\t\t\t<span class=\"elementor-screen-only\">Previous<\/span>\n\t\t\t\t\t\t<\/div>\n\t\t\t\t\t\t<div class=\"elementor-swiper-button elementor-swiper-button-next\" role=\"button\" tabindex=\"0\">\n\t\t\t\t\t\t\t<svg aria-hidden=\"true\" class=\"e-font-icon-svg e-eicon-chevron-right\" viewBox=\"0 0 1000 1000\" xmlns=\"http:\/\/www.w3.org\/2000\/svg\"><path d=\"M696 533C708 521 713 504 713 487 713 471 708 454 696 446L400 146C388 133 375 125 354 125 338 125 325 129 313 142 300 154 292 171 292 187 292 204 296 221 308 233L563 492 304 771C292 783 288 800 288 817 288 833 296 850 308 863 321 871 338 875 354 875 371 875 388 867 400 854L696 533Z\"><\/path><\/svg>\t\t\t\t\t\t\t<span class=\"elementor-screen-only\">Next<\/span>\n\t\t\t\t\t\t<\/div>\n\t\t\t\t\t\t\t\t\t\t\t\t<\/div>\n\t\t<\/div>\n\t\t\t\t<\/div>\n\t\t\t\t<\/div>\n\t\t\t\t\t<\/div>\n\t\t\t\t<\/div>\n\t\t<div class=\"elementor-element elementor-element-820bace e-flex e-con-boxed e-con e-parent\" data-id=\"820bace\" data-element_type=\"container\">\n\t\t\t\t\t<div class=\"e-con-inner\">\n\t\t\t\t<div class=\"elementor-element elementor-element-3095650 elementor-widget elementor-widget-image\" data-id=\"3095650\" data-element_type=\"widget\" data-widget_type=\"image.default\">\n\t\t\t\t<div class=\"elementor-widget-container\">\n\t\t\t\t\t\t\t\t\t\t\t\t\t\t<a href=\"https:\/\/edicionesfides.es\/\" target=\"_blank\">\n\t\t\t\t\t\t\t<img decoding=\"async\" width=\"768\" height=\"815\" src=\"https:\/\/cristinapg.es\/wp-content\/uploads\/2024\/07\/tres-768x815.jpg\" class=\"attachment-medium_large size-medium_large wp-image-549\" alt=\"\" srcset=\"https:\/\/cristinapg.es\/wp-content\/uploads\/2024\/07\/tres-768x815.jpg 768w, https:\/\/cristinapg.es\/wp-content\/uploads\/2024\/07\/tres-283x300.jpg 283w, https:\/\/cristinapg.es\/wp-content\/uploads\/2024\/07\/tres-965x1024.jpg 965w, https:\/\/cristinapg.es\/wp-content\/uploads\/2024\/07\/tres-1447x1536.jpg 1447w, https:\/\/cristinapg.es\/wp-content\/uploads\/2024\/07\/tres.jpg 1484w\" sizes=\"(max-width: 768px) 100vw, 768px\" \/>\t\t\t\t\t\t\t\t<\/a>\n\t\t\t\t\t\t\t\t\t\t\t\t\t<\/div>\n\t\t\t\t<\/div>\n\t\t\t\t\t<\/div>\n\t\t\t\t<\/div>\n\t\t\t\t<\/div>\n\t\t","protected":false},"excerpt":{"rendered":"<p>C\u00edrculos Jos\u00e9 Antonio C\u00edrculos Jos\u00e9 Antonio, la falange disidente Introducci\u00f3n del libro: \u00bb C\u00edrculos Jos\u00e9 Antonio, la falange disidente\u00bb. Falange [&hellip;]<\/p>\n","protected":false},"author":1,"featured_media":0,"parent":0,"menu_order":0,"comment_status":"closed","ping_status":"closed","template":"","meta":{"site-sidebar-layout":"no-sidebar","site-content-layout":"","ast-site-content-layout":"full-width-container","site-content-style":"default","site-sidebar-style":"default","ast-global-header-display":"","ast-banner-title-visibility":"","ast-main-header-display":"","ast-hfb-above-header-display":"","ast-hfb-below-header-display":"","ast-hfb-mobile-header-display":"","site-post-title":"disabled","ast-breadcrumbs-content":"","ast-featured-img":"disabled","footer-sml-layout":"","theme-transparent-header-meta":"","adv-header-id-meta":"","stick-header-meta":"","header-above-stick-meta":"","header-main-stick-meta":"","header-below-stick-meta":"","astra-migrate-meta-layouts":"default","ast-page-background-enabled":"default","ast-page-background-meta":{"desktop":{"background-color":"var(--ast-global-color-4)","background-image":"","background-repeat":"repeat","background-position":"center center","background-size":"auto","background-attachment":"scroll","background-type":"","background-media":"","overlay-type":"","overlay-color":"","overlay-opacity":"","overlay-gradient":""},"tablet":{"background-color":"","background-image":"","background-repeat":"repeat","background-position":"center center","background-size":"auto","background-attachment":"scroll","background-type":"","background-media":"","overlay-type":"","overlay-color":"","overlay-opacity":"","overlay-gradient":""},"mobile":{"background-color":"","background-image":"","background-repeat":"repeat","background-position":"center center","background-size":"auto","background-attachment":"scroll","background-type":"","background-media":"","overlay-type":"","overlay-color":"","overlay-opacity":"","overlay-gradient":""}},"ast-content-background-meta":{"desktop":{"background-color":"var(--ast-global-color-5)","background-image":"","background-repeat":"repeat","background-position":"center center","background-size":"auto","background-attachment":"scroll","background-type":"","background-media":"","overlay-type":"","overlay-color":"","overlay-opacity":"","overlay-gradient":""},"tablet":{"background-color":"var(--ast-global-color-5)","background-image":"","background-repeat":"repeat","background-position":"center center","background-size":"auto","background-attachment":"scroll","background-type":"","background-media":"","overlay-type":"","overlay-color":"","overlay-opacity":"","overlay-gradient":""},"mobile":{"background-color":"var(--ast-global-color-5)","background-image":"","background-repeat":"repeat","background-position":"center center","background-size":"auto","background-attachment":"scroll","background-type":"","background-media":"","overlay-type":"","overlay-color":"","overlay-opacity":"","overlay-gradient":""}},"footnotes":""},"class_list":["post-95","page","type-page","status-publish","hentry"],"yoast_head":"<!-- This site is optimized with the Yoast SEO plugin v23.6 - https:\/\/yoast.com\/wordpress\/plugins\/seo\/ -->\n<title>C\u00edrculos Jos\u00e9 Antonio - C\u00edrculos Jos\u00e9 Antonio, la falange disidente<\/title>\n<meta name=\"description\" content=\"C\u00edrculos Jos\u00e9 Antonio, la falange disidente. Libro publicado por Ediciones Fides donde su autora analiza los pormenores de esta organizaci\u00f3n.\" \/>\n<meta name=\"robots\" content=\"index, follow, max-snippet:-1, max-image-preview:large, max-video-preview:-1\" \/>\n<link rel=\"canonical\" href=\"https:\/\/cristinapg.es\/\" \/>\n<meta property=\"og:locale\" content=\"es_ES\" \/>\n<meta property=\"og:type\" content=\"article\" \/>\n<meta property=\"og:title\" content=\"C\u00edrculos Jos\u00e9 Antonio - C\u00edrculos Jos\u00e9 Antonio, la falange disidente\" \/>\n<meta property=\"og:description\" content=\"C\u00edrculos Jos\u00e9 Antonio, la falange disidente. Libro publicado por Ediciones Fides donde su autora analiza los pormenores de esta organizaci\u00f3n.\" \/>\n<meta property=\"og:url\" content=\"https:\/\/cristinapg.es\/\" \/>\n<meta property=\"og:site_name\" content=\"C\u00edrculos Jos\u00e9 Antonio, la falange disidente\" \/>\n<meta property=\"article:modified_time\" content=\"2024-07-07T22:47:07+00:00\" \/>\n<meta property=\"og:image\" content=\"https:\/\/cristinapg.es\/wp-content\/uploads\/2024\/07\/IMG-20240612-WA0009-768x1024.jpg\" \/>\n<meta name=\"twitter:card\" content=\"summary_large_image\" \/>\n<meta name=\"twitter:label1\" content=\"Tiempo de lectura\" \/>\n\t<meta name=\"twitter:data1\" content=\"2 minutos\" \/>\n<script type=\"application\/ld+json\" class=\"yoast-schema-graph\">{\"@context\":\"https:\/\/schema.org\",\"@graph\":[{\"@type\":\"WebPage\",\"@id\":\"https:\/\/cristinapg.es\/\",\"url\":\"https:\/\/cristinapg.es\/\",\"name\":\"C\u00edrculos Jos\u00e9 Antonio - C\u00edrculos Jos\u00e9 Antonio, la falange disidente\",\"isPartOf\":{\"@id\":\"https:\/\/cristinapg.es\/#website\"},\"primaryImageOfPage\":{\"@id\":\"https:\/\/cristinapg.es\/#primaryimage\"},\"image\":{\"@id\":\"https:\/\/cristinapg.es\/#primaryimage\"},\"thumbnailUrl\":\"https:\/\/cristinapg.es\/wp-content\/uploads\/2024\/07\/IMG-20240612-WA0009-768x1024.jpg\",\"datePublished\":\"2024-07-04T21:20:55+00:00\",\"dateModified\":\"2024-07-07T22:47:07+00:00\",\"description\":\"C\u00edrculos Jos\u00e9 Antonio, la falange disidente. Libro publicado por Ediciones Fides donde su autora analiza los pormenores de esta organizaci\u00f3n.\",\"breadcrumb\":{\"@id\":\"https:\/\/cristinapg.es\/#breadcrumb\"},\"inLanguage\":\"es\",\"potentialAction\":[{\"@type\":\"ReadAction\",\"target\":[\"https:\/\/cristinapg.es\/\"]}]},{\"@type\":\"ImageObject\",\"inLanguage\":\"es\",\"@id\":\"https:\/\/cristinapg.es\/#primaryimage\",\"url\":\"https:\/\/cristinapg.es\/wp-content\/uploads\/2024\/07\/IMG-20240612-WA0009.jpg\",\"contentUrl\":\"https:\/\/cristinapg.es\/wp-content\/uploads\/2024\/07\/IMG-20240612-WA0009.jpg\",\"width\":1500,\"height\":2000,\"caption\":\"C\u00edrculos Jos\u00e9 Antonio, la falange disidente\"},{\"@type\":\"BreadcrumbList\",\"@id\":\"https:\/\/cristinapg.es\/#breadcrumb\",\"itemListElement\":[{\"@type\":\"ListItem\",\"position\":1,\"name\":\"Portada\",\"item\":\"https:\/\/cristinapg.es\/\"},{\"@type\":\"ListItem\",\"position\":2,\"name\":\"C\u00edrculos Jos\u00e9 Antonio\"}]},{\"@type\":\"WebSite\",\"@id\":\"https:\/\/cristinapg.es\/#website\",\"url\":\"https:\/\/cristinapg.es\/\",\"name\":\"C\u00edrculos Jos\u00e9 Antonio, la falange disidente\",\"description\":\"C\u00edrculos Jos\u00e9 Antonio, la falange disidente\",\"publisher\":{\"@id\":\"https:\/\/cristinapg.es\/#organization\"},\"potentialAction\":[{\"@type\":\"SearchAction\",\"target\":{\"@type\":\"EntryPoint\",\"urlTemplate\":\"https:\/\/cristinapg.es\/?s={search_term_string}\"},\"query-input\":{\"@type\":\"PropertyValueSpecification\",\"valueRequired\":true,\"valueName\":\"search_term_string\"}}],\"inLanguage\":\"es\"},{\"@type\":\"Organization\",\"@id\":\"https:\/\/cristinapg.es\/#organization\",\"name\":\"C\u00edrculos Jos\u00e9 Antonio, la falange disidente\",\"url\":\"https:\/\/cristinapg.es\/\",\"logo\":{\"@type\":\"ImageObject\",\"inLanguage\":\"es\",\"@id\":\"https:\/\/cristinapg.es\/#\/schema\/logo\/image\/\",\"url\":\"https:\/\/cristinapg.es\/wp-content\/uploads\/2024\/07\/LOGO.webp\",\"contentUrl\":\"https:\/\/cristinapg.es\/wp-content\/uploads\/2024\/07\/LOGO.webp\",\"width\":180,\"height\":256,\"caption\":\"C\u00edrculos Jos\u00e9 Antonio, la falange disidente\"},\"image\":{\"@id\":\"https:\/\/cristinapg.es\/#\/schema\/logo\/image\/\"}}]}<\/script>\n<!-- \/ Yoast SEO plugin. -->","yoast_head_json":{"title":"C\u00edrculos Jos\u00e9 Antonio - C\u00edrculos Jos\u00e9 Antonio, la falange disidente","description":"C\u00edrculos Jos\u00e9 Antonio, la falange disidente. Libro publicado por Ediciones Fides donde su autora analiza los pormenores de esta organizaci\u00f3n.","robots":{"index":"index","follow":"follow","max-snippet":"max-snippet:-1","max-image-preview":"max-image-preview:large","max-video-preview":"max-video-preview:-1"},"canonical":"https:\/\/cristinapg.es\/","og_locale":"es_ES","og_type":"article","og_title":"C\u00edrculos Jos\u00e9 Antonio - C\u00edrculos Jos\u00e9 Antonio, la falange disidente","og_description":"C\u00edrculos Jos\u00e9 Antonio, la falange disidente. Libro publicado por Ediciones Fides donde su autora analiza los pormenores de esta organizaci\u00f3n.","og_url":"https:\/\/cristinapg.es\/","og_site_name":"C\u00edrculos Jos\u00e9 Antonio, la falange disidente","article_modified_time":"2024-07-07T22:47:07+00:00","og_image":[{"url":"https:\/\/cristinapg.es\/wp-content\/uploads\/2024\/07\/IMG-20240612-WA0009-768x1024.jpg"}],"twitter_card":"summary_large_image","twitter_misc":{"Tiempo de lectura":"2 minutos"},"schema":{"@context":"https:\/\/schema.org","@graph":[{"@type":"WebPage","@id":"https:\/\/cristinapg.es\/","url":"https:\/\/cristinapg.es\/","name":"C\u00edrculos Jos\u00e9 Antonio - C\u00edrculos Jos\u00e9 Antonio, la falange disidente","isPartOf":{"@id":"https:\/\/cristinapg.es\/#website"},"primaryImageOfPage":{"@id":"https:\/\/cristinapg.es\/#primaryimage"},"image":{"@id":"https:\/\/cristinapg.es\/#primaryimage"},"thumbnailUrl":"https:\/\/cristinapg.es\/wp-content\/uploads\/2024\/07\/IMG-20240612-WA0009-768x1024.jpg","datePublished":"2024-07-04T21:20:55+00:00","dateModified":"2024-07-07T22:47:07+00:00","description":"C\u00edrculos Jos\u00e9 Antonio, la falange disidente. Libro publicado por Ediciones Fides donde su autora analiza los pormenores de esta organizaci\u00f3n.","breadcrumb":{"@id":"https:\/\/cristinapg.es\/#breadcrumb"},"inLanguage":"es","potentialAction":[{"@type":"ReadAction","target":["https:\/\/cristinapg.es\/"]}]},{"@type":"ImageObject","inLanguage":"es","@id":"https:\/\/cristinapg.es\/#primaryimage","url":"https:\/\/cristinapg.es\/wp-content\/uploads\/2024\/07\/IMG-20240612-WA0009.jpg","contentUrl":"https:\/\/cristinapg.es\/wp-content\/uploads\/2024\/07\/IMG-20240612-WA0009.jpg","width":1500,"height":2000,"caption":"C\u00edrculos Jos\u00e9 Antonio, la falange disidente"},{"@type":"BreadcrumbList","@id":"https:\/\/cristinapg.es\/#breadcrumb","itemListElement":[{"@type":"ListItem","position":1,"name":"Portada","item":"https:\/\/cristinapg.es\/"},{"@type":"ListItem","position":2,"name":"C\u00edrculos Jos\u00e9 Antonio"}]},{"@type":"WebSite","@id":"https:\/\/cristinapg.es\/#website","url":"https:\/\/cristinapg.es\/","name":"C\u00edrculos Jos\u00e9 Antonio, la falange disidente","description":"C\u00edrculos Jos\u00e9 Antonio, la falange disidente","publisher":{"@id":"https:\/\/cristinapg.es\/#organization"},"potentialAction":[{"@type":"SearchAction","target":{"@type":"EntryPoint","urlTemplate":"https:\/\/cristinapg.es\/?s={search_term_string}"},"query-input":{"@type":"PropertyValueSpecification","valueRequired":true,"valueName":"search_term_string"}}],"inLanguage":"es"},{"@type":"Organization","@id":"https:\/\/cristinapg.es\/#organization","name":"C\u00edrculos Jos\u00e9 Antonio, la falange disidente","url":"https:\/\/cristinapg.es\/","logo":{"@type":"ImageObject","inLanguage":"es","@id":"https:\/\/cristinapg.es\/#\/schema\/logo\/image\/","url":"https:\/\/cristinapg.es\/wp-content\/uploads\/2024\/07\/LOGO.webp","contentUrl":"https:\/\/cristinapg.es\/wp-content\/uploads\/2024\/07\/LOGO.webp","width":180,"height":256,"caption":"C\u00edrculos Jos\u00e9 Antonio, la falange disidente"},"image":{"@id":"https:\/\/cristinapg.es\/#\/schema\/logo\/image\/"}}]}},"_links":{"self":[{"href":"https:\/\/cristinapg.es\/index.php\/wp-json\/wp\/v2\/pages\/95","targetHints":{"allow":["GET"]}}],"collection":[{"href":"https:\/\/cristinapg.es\/index.php\/wp-json\/wp\/v2\/pages"}],"about":[{"href":"https:\/\/cristinapg.es\/index.php\/wp-json\/wp\/v2\/types\/page"}],"author":[{"embeddable":true,"href":"https:\/\/cristinapg.es\/index.php\/wp-json\/wp\/v2\/users\/1"}],"replies":[{"embeddable":true,"href":"https:\/\/cristinapg.es\/index.php\/wp-json\/wp\/v2\/comments?post=95"}],"version-history":[{"count":83,"href":"https:\/\/cristinapg.es\/index.php\/wp-json\/wp\/v2\/pages\/95\/revisions"}],"predecessor-version":[{"id":558,"href":"https:\/\/cristinapg.es\/index.php\/wp-json\/wp\/v2\/pages\/95\/revisions\/558"}],"wp:attachment":[{"href":"https:\/\/cristinapg.es\/index.php\/wp-json\/wp\/v2\/media?parent=95"}],"curies":[{"name":"wp","href":"https:\/\/api.w.org\/{rel}","templated":true}]}}